{"id":3508,"date":"2024-10-30T15:17:07","date_gmt":"2024-10-30T15:17:07","guid":{"rendered":"https:\/\/metin2-won.com\/?page_id=3508"},"modified":"2024-11-11T18:16:43","modified_gmt":"2024-11-11T18:16:43","slug":"metin2-hesaplari","status":"publish","type":"page","link":"https:\/\/metin2-won.com\/tr\/metin2-hesaplari\/","title":{"rendered":"Metin2 hesaplar\u0131n\u0131 ucuz ve g\u00fcvenli bir \u015fekilde sat\u0131n al\u0131n"},"content":{"rendered":"<div data-elementor-type=\"wp-page\" data-elementor-id=\"3508\" class=\"elementor elementor-3508\" data-elementor-post-type=\"page\">\n\t\t\t\t<div class=\"elementor-element elementor-element-2581158 e-flex e-con-boxed e-con e-parent\" data-id=\"2581158\" data-element_type=\"container\">\n\t\t\t\t\t<div class=\"e-con-inner\">\n\t\t<div class=\"elementor-element elementor-element-b973e21 e-con-full e-flex e-con e-child\" data-id=\"b973e21\" data-element_type=\"container\">\n\t\t<div class=\"elementor-element elementor-element-6c2d19e e-con-full e-flex e-con e-child\" data-id=\"6c2d19e\" data-element_type=\"container\">\n\t\t<div class=\"elementor-element elementor-element-a47b28e e-con-full e-flex e-con e-child\" data-id=\"a47b28e\" data-element_type=\"container\">\n\t\t\t\t<div class=\"elementor-element elementor-element-3f96e9e elementor-widget elementor-widget-image\" data-id=\"3f96e9e\" data-element_type=\"widget\" data-widget_type=\"image.default\">\n\t\t\t\t<div class=\"elementor-widget-container\">\n\t\t\t\t\t\t\t\t\t\t\t\t\t<img decoding=\"async\" width=\"130\" height=\"160\" src=\"https:\/\/metin2-won.com\/wp-content\/uploads\/2023\/10\/fire.png\" class=\"attachment-full size-full wp-image-234\" alt=\"\" \/>\t\t\t\t\t\t\t\t\t\t\t\t\t<\/div>\n\t\t\t\t<\/div>\n\t\t\t\t<\/div>\n\t\t<div class=\"elementor-element elementor-element-4285e9b e-con-full e-flex e-con e-child\" data-id=\"4285e9b\" data-element_type=\"container\">\n\t\t\t\t<div class=\"elementor-element elementor-element-ddc0ab4 elementor-widget elementor-widget-html\" data-id=\"ddc0ab4\" data-element_type=\"widget\" data-widget_type=\"html.default\">\n\t\t\t\t<div class=\"elementor-widget-container\">\n\t\t\t<div class=\"trendingNft__nav\">\r\n<button class=\"slider-button-prev\"><i class=\"fas fa-angle-left\"><\/i><\/button>\r\n<button class=\"slider-button-next\"><i class=\"fas fa-angle-right\"><\/i><\/button>\r\n<\/div>\t\t<\/div>\n\t\t\t\t<\/div>\n\t\t\t\t<\/div>\n\t\t\t\t<\/div>\n\t\t\t\t<\/div>\n\t\t<div class=\"elementor-element elementor-element-29c8316 e-con-full e-flex e-con e-child\" data-id=\"29c8316\" data-element_type=\"container\">\n\t\t\t\t<div class=\"elementor-element elementor-element-6346c72 elementor-widget elementor-widget-tg-nft\" data-id=\"6346c72\" data-element_type=\"widget\" data-widget_type=\"tg-nft.default\">\n\t\t\t\t<div class=\"elementor-widget-container\">\n\t\t\t\r\n\r\n                    <script>\r\n                jQuery(document).ready(function($) {\r\n\r\n                    \/*=============================================\r\n                        =        Trending Active\t\t      =\r\n                    =============================================*\/\r\n                    var trendSwiper = new Swiper('.trendingNft-active', {\r\n                        \/\/ Optional parameters\r\n                        observer: true,\r\n                        observeParents: true,\r\n                        loop: true,\r\n                        slidesPerView: 3,\r\n                        spaceBetween: 30,\r\n                        breakpoints: {\r\n                            '1500': {\r\n                                slidesPerView: 3,\r\n                            },\r\n                            '1200': {\r\n                                slidesPerView: 3,\r\n                            },\r\n                            '992': {\r\n                                slidesPerView: 2,\r\n                            },\r\n                            '768': {\r\n                                slidesPerView: 2,\r\n                            },\r\n                            '576': {\r\n                                slidesPerView: 1,\r\n                            },\r\n                            '0': {\r\n                                slidesPerView: 1,\r\n                            },\r\n                        },\r\n                        \/\/ Navigation arrows\r\n                        navigation: {\r\n                            nextEl: \".slider-button-next\",\r\n                            prevEl: \".slider-button-prev\",\r\n                        },\r\n                    });\r\n\r\n                });\r\n            <\/script>\r\n\r\n            <div class=\"swiper-container trendingNft-active\">\r\n                <div class=\"swiper-wrapper\">\r\n                                            <div class=\"swiper-slide\">\r\n                            <div class=\"trendingNft__item\">\r\n                                <div class=\"trendingNft__item-top\">\r\n                                    <div class=\"trendingNft__item-avatar\">\r\n                                                                                    <div class=\"image\">\r\n                                                <a href=\"\" target=\"_blank\">\r\n                                                    <img decoding=\"async\" src=\"http:\/\/metin2-won.com\/wp-content\/uploads\/2024\/01\/Clock-1.png\" alt=\"NFT Author\">\r\n                                                <\/a>\r\n                                            <\/div>\r\n                                                                                <div class=\"info\">\r\n                                            <h6 class=\"name\">ROMANYA SUNUCUSU<\/h6>\r\n                                            <a href=\"\" class=\"userName\" target=\"_blank\">5 DAKIKA TESLIM S\u00dcRESI<\/a>\r\n                                        <\/div>\r\n                                    <\/div>\r\n                                    <div class=\"trendingNft__item-wish\">\r\n                                        <a href=\"#contact\" target=\"_blank\">\r\n                                            <i class=\"far fa-heart\"><\/i>\r\n                                        <\/a>\r\n                                    <\/div>\r\n                                <\/div>\r\n                                                                    <div class=\"trendingNft__item-image\">\r\n                                        <a href=\"#contact\" target=\"_blank\">\r\n                                            <img decoding=\"async\" src=\"http:\/\/metin2-won.com\/wp-content\/uploads\/2024\/01\/Romania.png\" alt=\"NFT Image\">\r\n                                        <\/a>\r\n                                    <\/div>\r\n                                                                <div class=\"trendingNft__item-bottom\">\r\n                                    <div class=\"trendingNft__item-price\">\r\n                                                                                    <span class=\"bid\">K\u0130ML\u0130K BA\u015eINA F\u0130YAT<\/span>\r\n                                                                                <h6 class=\"eth\"><i class=\"fab fa-ethereum\"><\/i> SORUN <span><\/span><\/h6>\r\n                                    <\/div>\r\n                                    <a href=\"#contact\" class=\"bid-btn\" target=\"_blank\">SATIN AL <i class=\"fas fa-long-arrow-alt-right\"><\/i><\/a>\r\n                                <\/div>\r\n                            <\/div>\r\n                        <\/div>\r\n                                            <div class=\"swiper-slide\">\r\n                            <div class=\"trendingNft__item\">\r\n                                <div class=\"trendingNft__item-top\">\r\n                                    <div class=\"trendingNft__item-avatar\">\r\n                                                                                    <div class=\"image\">\r\n                                                <a href=\"\" target=\"_blank\">\r\n                                                    <img decoding=\"async\" src=\"http:\/\/metin2-won.com\/wp-content\/uploads\/2024\/01\/Clock-1.png\" alt=\"NFT Author\">\r\n                                                <\/a>\r\n                                            <\/div>\r\n                                                                                <div class=\"info\">\r\n                                            <h6 class=\"name\">T\u00dcRK\u00c7E SUNUCU<\/h6>\r\n                                            <a href=\"\" class=\"userName\" target=\"_blank\">5 DAKIKA TESLIM S\u00dcRESI<\/a>\r\n                                        <\/div>\r\n                                    <\/div>\r\n                                    <div class=\"trendingNft__item-wish\">\r\n                                        <a href=\"#contact\" target=\"_blank\">\r\n                                            <i class=\"far fa-heart\"><\/i>\r\n                                        <\/a>\r\n                                    <\/div>\r\n                                <\/div>\r\n                                                                    <div class=\"trendingNft__item-image\">\r\n                                        <a href=\"#contact\" target=\"_blank\">\r\n                                            <img decoding=\"async\" src=\"http:\/\/metin2-won.com\/wp-content\/uploads\/2024\/01\/Turkish.png\" alt=\"NFT Image\">\r\n                                        <\/a>\r\n                                    <\/div>\r\n                                                                <div class=\"trendingNft__item-bottom\">\r\n                                    <div class=\"trendingNft__item-price\">\r\n                                                                                    <span class=\"bid\">K\u0130ML\u0130K BA\u015eINA F\u0130YAT<\/span>\r\n                                                                                <h6 class=\"eth\"><i class=\"fab fa-ethereum\"><\/i> SORUN <span><\/span><\/h6>\r\n                                    <\/div>\r\n                                    <a href=\"#contact\" class=\"bid-btn\" target=\"_blank\">SATIN AL <i class=\"fas fa-long-arrow-alt-right\"><\/i><\/a>\r\n                                <\/div>\r\n                            <\/div>\r\n                        <\/div>\r\n                                            <div class=\"swiper-slide\">\r\n                            <div class=\"trendingNft__item\">\r\n                                <div class=\"trendingNft__item-top\">\r\n                                    <div class=\"trendingNft__item-avatar\">\r\n                                                                                    <div class=\"image\">\r\n                                                <a href=\"\" target=\"_blank\">\r\n                                                    <img decoding=\"async\" src=\"http:\/\/metin2-won.com\/wp-content\/uploads\/2024\/01\/Clock-1.png\" alt=\"NFT Author\">\r\n                                                <\/a>\r\n                                            <\/div>\r\n                                                                                <div class=\"info\">\r\n                                            <h6 class=\"name\">ALMAN SUNUCU<\/h6>\r\n                                            <a href=\"\" class=\"userName\" target=\"_blank\">5 DAKIKA TESLIM S\u00dcRESI<\/a>\r\n                                        <\/div>\r\n                                    <\/div>\r\n                                    <div class=\"trendingNft__item-wish\">\r\n                                        <a href=\"#contact\" target=\"_blank\">\r\n                                            <i class=\"far fa-heart\"><\/i>\r\n                                        <\/a>\r\n                                    <\/div>\r\n                                <\/div>\r\n                                                                    <div class=\"trendingNft__item-image\">\r\n                                        <a href=\"#contact\" target=\"_blank\">\r\n                                            <img decoding=\"async\" src=\"http:\/\/metin2-won.com\/wp-content\/uploads\/2024\/01\/German.png\" alt=\"NFT Image\">\r\n                                        <\/a>\r\n                                    <\/div>\r\n                                                                <div class=\"trendingNft__item-bottom\">\r\n                                    <div class=\"trendingNft__item-price\">\r\n                                                                                    <span class=\"bid\">K\u0130ML\u0130K BA\u015eINA F\u0130YAT<\/span>\r\n                                                                                <h6 class=\"eth\"><i class=\"fab fa-ethereum\"><\/i> SORUN <span><\/span><\/h6>\r\n                                    <\/div>\r\n                                    <a href=\"#contact\" class=\"bid-btn\" target=\"_blank\">SATIN AL <i class=\"fas fa-long-arrow-alt-right\"><\/i><\/a>\r\n                                <\/div>\r\n                            <\/div>\r\n                        <\/div>\r\n                                    <\/div>\r\n            <\/div>\r\n\r\n        \r\n\t\t<\/div>\n\t\t\t\t<\/div>\n\t\t\t\t<\/div>\n\t\t\t\t\t<\/div>\n\t\t\t\t<\/div>\n\t\t<div class=\"elementor-element elementor-element-8d580f1 e-flex e-con-boxed e-con e-parent\" data-id=\"8d580f1\" data-element_type=\"container\">\n\t\t\t\t\t<div class=\"e-con-inner\">\n\t\t\t\t<div class=\"elementor-element elementor-element-622b6b1 elementor-widget elementor-widget-text-editor\" data-id=\"622b6b1\" data-element_type=\"widget\" data-widget_type=\"text-editor.default\">\n\t\t\t\t<div class=\"elementor-widget-container\">\n\t\t\t\t\t\t\t<p><span style=\"color: #edf2f7;\"><span style=\"font-weight: 400;\">G\u00fc\u00e7l\u00fc bir karaktere ve g\u00fc\u00e7l\u00fc ekipmanlara sahip y\u00fcksek seviyeli bir Metin2 hesab\u0131 m\u0131 ar\u0131yorsunuz? Burada \u00e7ok \u00e7e\u015fitli Metin2 hesaplar\u0131 bulacaks\u0131n\u0131z. <\/span><b>Alman<\/b><span style=\"font-weight: 400;\">, <\/span><b>T\u00fcrk\u00e7e<\/b><span style=\"font-weight: 400;\"> ve <\/span><b>Romanya sunucusu<\/b><span style=\"font-weight: 400;\"> - hepsi test edilmi\u015f, g\u00fcvenli ve ucuz! Yeni Metin2 hesab\u0131n\u0131z\u0131 \u015fimdi sat\u0131n al\u0131n ve seviye atlamak ve \u00f6\u011f\u00fctmek i\u00e7in saatler harcamak zorunda kalmadan hemen ba\u015flay\u0131n.<\/span><\/span><\/p><h2><span style=\"color: #edf2f7;\"><b>Neden bizden bir Metin2 hesab\u0131 sat\u0131n almal\u0131s\u0131n\u0131z?<\/b><\/span><\/h2><p><span style=\"font-weight: 400; color: #edf2f7;\">Metin2-Won.com'da bir Metin2 hesab\u0131 sat\u0131n almak g\u00fcvenli, \u015feffaf ve risksizdir. Ters ibraz riski ta\u015f\u0131yan \u00f6zel bir sat\u0131c\u0131dan sat\u0131n alman\u0131n aksine, sayg\u0131n bir sa\u011flay\u0131c\u0131 olarak g\u00fcvenilir i\u015flem ve kapsaml\u0131 g\u00fcvenlik \u00f6nlemleri sunuyoruz. Hesaplar\u0131m\u0131z yaln\u0131zca ilk kez sahiplerinden gelir ve botlar veya hileler olmadan y\u00fckseltilmi\u015ftir.<\/span><\/p><h2><span style=\"color: #edf2f7;\"><b>Metin2-Won.com'da avantajlar:<\/b><\/span><\/h2><ul><li style=\"font-weight: 400;\" aria-level=\"1\"><span style=\"color: #edf2f7;\"><b>Do\u011frulanm\u0131\u015f hesaplar<\/b><span style=\"font-weight: 400;\"> Do\u011frudan ilk sahibinden<\/span><\/span><\/li><li style=\"font-weight: 400;\" aria-level=\"1\"><span style=\"color: #edf2f7;\"><b>Ters ibraz riski yok<\/b><span style=\"font-weight: 400;\"> ya da say\u0131s\u0131z \u00f6nceki sahipleri<\/span><\/span><\/li><li style=\"font-weight: 400;\" aria-level=\"1\"><span style=\"color: #edf2f7;\"><b>\u015eeffaf bilgi<\/b><span style=\"font-weight: 400;\"> seviye, s\u0131n\u0131f, istatistikler ve ekipman i\u00e7in<\/span><\/span><\/li><li style=\"font-weight: 400;\" aria-level=\"1\"><span style=\"color: #edf2f7;\"><b>G\u00fcvenli eri\u015fim<\/b><span style=\"font-weight: 400;\"> mevcut e-posta adresini aktararak<\/span><\/span><\/li><\/ul><h2><span style=\"color: #edf2f7;\"><b>Bir Metin2 hesab\u0131 sat\u0131n ald\u0131\u011f\u0131n\u0131zda ne elde edersiniz?<\/b><\/span><\/h2><p><span style=\"font-weight: 400; color: #edf2f7;\">Bizimle bir hesap olu\u015fturmaya karar verirseniz, yaln\u0131zca tamamen seviyelendirilmi\u015f bir karakter de\u011fil, ayn\u0131 zamanda t\u00fcm \u00f6zelliklerin ve ekipmanlar\u0131n ayr\u0131nt\u0131l\u0131 bir listesini de alacaks\u0131n\u0131z. Bizdeki t\u00fcm Metin2 hesaplar\u0131 a\u015fa\u011f\u0131daki i\u00e7erikle birlikte gelir:<\/span><\/p><ul><li style=\"font-weight: 400;\" aria-level=\"1\"><span style=\"color: #edf2f7;\"><b>Aktif Metin2 hesab\u0131<\/b><span style=\"font-weight: 400;\"> resmi Gameforge sunucusunda (Almanca, T\u00fcrk\u00e7e veya Romence sunucu)<\/span><\/span><\/li><li style=\"font-weight: 400;\" aria-level=\"1\"><span style=\"color: #edf2f7;\"><b>Karakter s\u0131n\u0131f\u0131 ve seviyesi<\/b><span style=\"font-weight: 400;\"> makale a\u00e7\u0131klamas\u0131na g\u00f6re<\/span><\/span><\/li><li style=\"font-weight: 400;\" aria-level=\"1\"><span style=\"color: #edf2f7;\"><b>Eksiksiz istatistikler ve beceriler<\/b><span style=\"font-weight: 400;\">karakterle e\u015fle\u015fen<\/span><\/span><\/li><li style=\"font-weight: 400;\" aria-level=\"1\"><span style=\"color: #edf2f7;\"><b>Ekipman par\u00e7alar\u0131<\/b><span style=\"font-weight: 400;\"> a\u00e7\u0131kland\u0131\u011f\u0131 gibi silah, z\u0131rh ve m\u00fccevher gibi<\/span><\/span><\/li><li style=\"font-weight: 400;\" aria-level=\"1\"><span style=\"color: #edf2f7;\"><b>G\u00fcncel e-posta adresi<\/b><span style=\"font-weight: 400;\">tam eri\u015fim ve g\u00fcvenlik i\u00e7in<\/span><\/span><\/li><\/ul><h2><span style=\"color: #edf2f7;\"><b>Metin2-Won.com'da sat\u0131n alma i\u015flemi nas\u0131l ger\u00e7ekle\u015fiyor?<\/b><\/span><\/h2><ol><li style=\"font-weight: 400;\" aria-level=\"1\"><span style=\"color: #edf2f7;\"><b>Hesap se\u00e7in:<\/b><span style=\"font-weight: 400;\"> Sunucu b\u00f6lgesine (Almanya, T\u00fcrkiye veya Romanya) ve karakter a\u00e7\u0131klamas\u0131na g\u00f6re uygun hesab\u0131 se\u00e7in.<\/span><\/span><\/li><li style=\"font-weight: 400;\" aria-level=\"1\"><span style=\"color: #edf2f7;\"><b>Detaylar\u0131 kontrol et:<\/b><span style=\"font-weight: 400;\"> Hesab\u0131n gereksinimlerinizi kar\u015f\u0131lad\u0131\u011f\u0131ndan emin olmak i\u00e7in s\u0131n\u0131f, seviye, istatistikler ve ekipman\u0131n ayr\u0131nt\u0131l\u0131 a\u00e7\u0131klamas\u0131n\u0131 okuyun.<\/span><\/span><\/li><\/ol><p><span style=\"color: #edf2f7;\"><b>G\u00fcvenli sat\u0131n alma:<\/b><span style=\"font-weight: 400;\"> Sat\u0131n alma i\u015fleminizi tamamlad\u0131ktan sonra, an\u0131nda eri\u015fim ve yeni hesab\u0131n\u0131z\u0131 kullanmak i\u00e7in ihtiyac\u0131n\u0131z olan t\u00fcm bilgileri alacaks\u0131n\u0131z.<\/span><\/span><\/p><h2><span style=\"color: #edf2f7;\"><b>S\u0131k\u00e7a sorulan sorular (SSS)<\/b><\/span><\/h2>\t\t\t\t\t\t<\/div>\n\t\t\t\t<\/div>\n\t\t\t\t<div class=\"elementor-element elementor-element-c8ba48a elementor-widget elementor-widget-genix-faq\" data-id=\"c8ba48a\" data-element_type=\"widget\" data-widget_type=\"genix-faq.default\">\n\t\t\t\t<div class=\"elementor-widget-container\">\n\t\t\t\r\n        <div class=\"faq__wrapper\">\r\n            <div class=\"accordion\" id=\"accordionExample\">\r\n                                    <div class=\"accordion-item\">\r\n                        <h2 class=\"accordion-header\" id=\"headingOne-0\">\r\n                            <button class=\"accordion-button\" type=\"button\" data-bs-toggle=\"collapse\" data-bs-target=\"#collapseOne-0\" aria-expanded=\"true\" aria-controls=\"collapseOne-0\">\r\n                                <span class=\"count\">1<\/span> \u00d6zel olarak y\u00fckseltilmi\u015f karakterler i\u00e7eren hesaplar da sunuyor musunuz?                            <\/button>\r\n                        <\/h2>\r\n                        <div id=\"collapseOne-0\" class=\"accordion-collapse collapse show\" aria-labelledby=\"headingOne-0\" data-bs-parent=\"#accordionExample\">\r\n                            <div class=\"accordion-body\">\r\n                                \u015eu anda talep \u00fczerine seviye atlad\u0131\u011f\u0131m\u0131z \u00f6zelle\u015ftirilmi\u015f bir hizmetimiz bulunmamaktad\u0131r. Bununla birlikte, \u00f6zel hesaplar hakk\u0131nda soru sormak i\u00e7in LiveChat'imizi kullanabilirsiniz - teklifimizi d\u00fczenli olarak g\u00fcncelliyoruz ve yard\u0131mc\u0131 olmaktan mutluluk duyuyoruz.\n                            <\/div>\r\n                        <\/div>\r\n                    <\/div>\r\n                                    <div class=\"accordion-item\">\r\n                        <h2 class=\"accordion-header\" id=\"headingOne-1\">\r\n                            <button class=\"accordion-button collapsed\" type=\"button\" data-bs-toggle=\"collapse\" data-bs-target=\"#collapseOne-1\" aria-expanded=\"false\" aria-controls=\"collapseOne-1\">\r\n                                <span class=\"count\">2<\/span> Hesaplar ger\u00e7ekten g\u00fcvenli mi?                            <\/button>\r\n                        <\/h2>\r\n                        <div id=\"collapseOne-1\" class=\"accordion-collapse collapse\" aria-labelledby=\"headingOne-1\" data-bs-parent=\"#accordionExample\">\r\n                            <div class=\"accordion-body\">\r\n                                Evet, t\u00fcm hesaplar ilk elden ve botlar gibi yetkisiz ara\u00e7lar kullan\u0131lmadan y\u00fcklenmi\u015ftir. Her hesaba tam ve \u00f6zel eri\u015fim garantisi veriyoruz.\n                            <\/div>\r\n                        <\/div>\r\n                    <\/div>\r\n                                    <div class=\"accordion-item\">\r\n                        <h2 class=\"accordion-header\" id=\"headingOne-2\">\r\n                            <button class=\"accordion-button collapsed\" type=\"button\" data-bs-toggle=\"collapse\" data-bs-target=\"#collapseOne-2\" aria-expanded=\"false\" aria-controls=\"collapseOne-2\">\r\n                                <span class=\"count\">3<\/span> Hesaplar hangi sunucu b\u00f6lgeleri i\u00e7in kullan\u0131labilir?                            <\/button>\r\n                        <\/h2>\r\n                        <div id=\"collapseOne-2\" class=\"accordion-collapse collapse\" aria-labelledby=\"headingOne-2\" data-bs-parent=\"#accordionExample\">\r\n                            <div class=\"accordion-body\">\r\n                                \u015eu anda Alman, T\u00fcrk ve Romen Metin2 sunucular\u0131 i\u00e7in hesaplar sunuyoruz. Hesab\u0131n\u0131z\u0131 se\u00e7erken b\u00f6lgenizi se\u00e7meniz yeterlidir.                            <\/div>\r\n                        <\/div>\r\n                    <\/div>\r\n                            <\/div>\r\n        <\/div>\r\n\t\t<\/div>\n\t\t\t\t<\/div>\n\t\t\t\t<div class=\"elementor-element elementor-element-aca15d4 elementor-widget elementor-widget-text-editor\" data-id=\"aca15d4\" data-element_type=\"widget\" data-widget_type=\"text-editor.default\">\n\t\t\t\t<div class=\"elementor-widget-container\">\n\t\t\t\t\t\t\t<h3><span style=\"color: #edf2f7;\"><b>Bize ula\u015f\u0131n<\/b><\/span><\/h3><p><span style=\"font-weight: 400; color: #edf2f7;\">LiveChat'imiz, sat\u0131n alma ve hizmetle ilgili sorular\u0131n\u0131z\u0131 yan\u0131tlamak i\u00e7in her g\u00fcn hizmetinizdedir. Ayr\u0131ca yeni hesaplardan haberdar olmak i\u00e7in ilgili taraflar listemize kat\u0131labilirsiniz. Y\u00fcksek kaliteli bir Metin2 hesab\u0131na giden g\u00fcvenli ve kolay yolunuz Metin2-Won.com'da ba\u015fl\u0131yor!<\/span><\/p>\t\t\t\t\t\t<\/div>\n\t\t\t\t<\/div>\n\t\t\t\t\t<\/div>\n\t\t\t\t<\/div>\n\t\t\t\t<\/div>","protected":false},"excerpt":{"rendered":"<p>ROMANIAN SERVER 5 MINUTEN LIEFERZEIT PREIS PRO ID ASK KAUFEN TURKISH SERVER 5 MINUTEN LIEFERZEIT PREIS PRO ID ASK KAUFEN GERMAN SERVER 5 MINUTEN LIEFERZEIT PREIS PRO ID ASK KAUFEN Du suchst nach einem hochgelevelten Metin2 Account mit m\u00e4chtigem Charakter und starkem Equipment? Bei uns findest du eine gro\u00dfe Auswahl an Metin2 Accounts f\u00fcr die [&hellip;]<\/p>","protected":false},"author":1,"featured_media":0,"parent":0,"menu_order":0,"comment_status":"closed","ping_status":"closed","template":"","meta":{"_acf_changed":false,"footnotes":""},"class_list":["post-3508","page","type-page","status-publish","hentry"],"acf":[],"_links":{"self":[{"href":"https:\/\/metin2-won.com\/tr\/wp-json\/wp\/v2\/pages\/3508","targetHints":{"allow":["GET"]}}],"collection":[{"href":"https:\/\/metin2-won.com\/tr\/wp-json\/wp\/v2\/pages"}],"about":[{"href":"https:\/\/metin2-won.com\/tr\/wp-json\/wp\/v2\/types\/page"}],"author":[{"embeddable":true,"href":"https:\/\/metin2-won.com\/tr\/wp-json\/wp\/v2\/users\/1"}],"replies":[{"embeddable":true,"href":"https:\/\/metin2-won.com\/tr\/wp-json\/wp\/v2\/comments?post=3508"}],"version-history":[{"count":11,"href":"https:\/\/metin2-won.com\/tr\/wp-json\/wp\/v2\/pages\/3508\/revisions"}],"predecessor-version":[{"id":3581,"href":"https:\/\/metin2-won.com\/tr\/wp-json\/wp\/v2\/pages\/3508\/revisions\/3581"}],"wp:attachment":[{"href":"https:\/\/metin2-won.com\/tr\/wp-json\/wp\/v2\/media?parent=3508"}],"curies":[{"name":"wp","href":"https:\/\/api.w.org\/{rel}","templated":true}]}}