{"id":3508,"date":"2024-10-30T15:17:07","date_gmt":"2024-10-30T15:17:07","guid":{"rendered":"https:\/\/metin2-won.com\/?page_id=3508"},"modified":"2024-11-11T18:16:43","modified_gmt":"2024-11-11T18:16:43","slug":"conturi-metin2","status":"publish","type":"page","link":"https:\/\/metin2-won.com\/ro\/conturi-metin2\/","title":{"rendered":"Cump\u0103ra\u021bi conturi Metin2 ieftin \u0219i sigur"},"content":{"rendered":"<div data-elementor-type=\"wp-page\" data-elementor-id=\"3508\" class=\"elementor elementor-3508\" data-elementor-post-type=\"page\">\n\t\t\t\t<div class=\"elementor-element elementor-element-2581158 e-flex e-con-boxed e-con e-parent\" data-id=\"2581158\" data-element_type=\"container\">\n\t\t\t\t\t<div class=\"e-con-inner\">\n\t\t<div class=\"elementor-element elementor-element-b973e21 e-con-full e-flex e-con e-child\" data-id=\"b973e21\" data-element_type=\"container\">\n\t\t<div class=\"elementor-element elementor-element-6c2d19e e-con-full e-flex e-con e-child\" data-id=\"6c2d19e\" data-element_type=\"container\">\n\t\t<div class=\"elementor-element elementor-element-a47b28e e-con-full e-flex e-con e-child\" data-id=\"a47b28e\" data-element_type=\"container\">\n\t\t\t\t<div class=\"elementor-element elementor-element-3f96e9e elementor-widget elementor-widget-image\" data-id=\"3f96e9e\" data-element_type=\"widget\" data-widget_type=\"image.default\">\n\t\t\t\t<div class=\"elementor-widget-container\">\n\t\t\t\t\t\t\t\t\t\t\t\t\t<img decoding=\"async\" width=\"130\" height=\"160\" src=\"https:\/\/metin2-won.com\/wp-content\/uploads\/2023\/10\/fire.png\" class=\"attachment-full size-full wp-image-234\" alt=\"\" \/>\t\t\t\t\t\t\t\t\t\t\t\t\t<\/div>\n\t\t\t\t<\/div>\n\t\t\t\t<\/div>\n\t\t<div class=\"elementor-element elementor-element-4285e9b e-con-full e-flex e-con e-child\" data-id=\"4285e9b\" data-element_type=\"container\">\n\t\t\t\t<div class=\"elementor-element elementor-element-ddc0ab4 elementor-widget elementor-widget-html\" data-id=\"ddc0ab4\" data-element_type=\"widget\" data-widget_type=\"html.default\">\n\t\t\t\t<div class=\"elementor-widget-container\">\n\t\t\t<div class=\"trendingNft__nav\">\r\n<button class=\"slider-button-prev\"><i class=\"fas fa-angle-left\"><\/i><\/button>\r\n<button class=\"slider-button-next\"><i class=\"fas fa-angle-right\"><\/i><\/button>\r\n<\/div>\t\t<\/div>\n\t\t\t\t<\/div>\n\t\t\t\t<\/div>\n\t\t\t\t<\/div>\n\t\t\t\t<\/div>\n\t\t<div class=\"elementor-element elementor-element-29c8316 e-con-full e-flex e-con e-child\" data-id=\"29c8316\" data-element_type=\"container\">\n\t\t\t\t<div class=\"elementor-element elementor-element-6346c72 elementor-widget elementor-widget-tg-nft\" data-id=\"6346c72\" data-element_type=\"widget\" data-widget_type=\"tg-nft.default\">\n\t\t\t\t<div class=\"elementor-widget-container\">\n\t\t\t\r\n\r\n                    <script>\r\n                jQuery(document).ready(function($) {\r\n\r\n                    \/*=============================================\r\n                        =        Trending Active\t\t      =\r\n                    =============================================*\/\r\n                    var trendSwiper = new Swiper('.trendingNft-active', {\r\n                        \/\/ Optional parameters\r\n                        observer: true,\r\n                        observeParents: true,\r\n                        loop: true,\r\n                        slidesPerView: 3,\r\n                        spaceBetween: 30,\r\n                        breakpoints: {\r\n                            '1500': {\r\n                                slidesPerView: 3,\r\n                            },\r\n                            '1200': {\r\n                                slidesPerView: 3,\r\n                            },\r\n                            '992': {\r\n                                slidesPerView: 2,\r\n                            },\r\n                            '768': {\r\n                                slidesPerView: 2,\r\n                            },\r\n                            '576': {\r\n                                slidesPerView: 1,\r\n                            },\r\n                            '0': {\r\n                                slidesPerView: 1,\r\n                            },\r\n                        },\r\n                        \/\/ Navigation arrows\r\n                        navigation: {\r\n                            nextEl: \".slider-button-next\",\r\n                            prevEl: \".slider-button-prev\",\r\n                        },\r\n                    });\r\n\r\n                });\r\n            <\/script>\r\n\r\n            <div class=\"swiper-container trendingNft-active\">\r\n                <div class=\"swiper-wrapper\">\r\n                                            <div class=\"swiper-slide\">\r\n                            <div class=\"trendingNft__item\">\r\n                                <div class=\"trendingNft__item-top\">\r\n                                    <div class=\"trendingNft__item-avatar\">\r\n                                                                                    <div class=\"image\">\r\n                                                <a href=\"\" target=\"_blank\">\r\n                                                    <img decoding=\"async\" src=\"http:\/\/metin2-won.com\/wp-content\/uploads\/2024\/01\/Clock-1.png\" alt=\"NFT Author\">\r\n                                                <\/a>\r\n                                            <\/div>\r\n                                                                                <div class=\"info\">\r\n                                            <h6 class=\"name\">SERVER ROM\u00c2NESC<\/h6>\r\n                                            <a href=\"\" class=\"userName\" target=\"_blank\">TIMP DE LIVRARE 5 MINUTE<\/a>\r\n                                        <\/div>\r\n                                    <\/div>\r\n                                    <div class=\"trendingNft__item-wish\">\r\n                                        <a href=\"#contact\" target=\"_blank\">\r\n                                            <i class=\"far fa-heart\"><\/i>\r\n                                        <\/a>\r\n                                    <\/div>\r\n                                <\/div>\r\n                                                                    <div class=\"trendingNft__item-image\">\r\n                                        <a href=\"#contact\" target=\"_blank\">\r\n                                            <img decoding=\"async\" src=\"http:\/\/metin2-won.com\/wp-content\/uploads\/2024\/01\/Romania.png\" alt=\"NFT Image\">\r\n                                        <\/a>\r\n                                    <\/div>\r\n                                                                <div class=\"trendingNft__item-bottom\">\r\n                                    <div class=\"trendingNft__item-price\">\r\n                                                                                    <span class=\"bid\">PRE\u021a PE ID<\/span>\r\n                                                                                <h6 class=\"eth\"><i class=\"fab fa-ethereum\"><\/i> SOLICIT\u0102 <span><\/span><\/h6>\r\n                                    <\/div>\r\n                                    <a href=\"#contact\" class=\"bid-btn\" target=\"_blank\">CUMP\u0102RA\u021aI <i class=\"fas fa-long-arrow-alt-right\"><\/i><\/a>\r\n                                <\/div>\r\n                            <\/div>\r\n                        <\/div>\r\n                                            <div class=\"swiper-slide\">\r\n                            <div class=\"trendingNft__item\">\r\n                                <div class=\"trendingNft__item-top\">\r\n                                    <div class=\"trendingNft__item-avatar\">\r\n                                                                                    <div class=\"image\">\r\n                                                <a href=\"\" target=\"_blank\">\r\n                                                    <img decoding=\"async\" src=\"http:\/\/metin2-won.com\/wp-content\/uploads\/2024\/01\/Clock-1.png\" alt=\"NFT Author\">\r\n                                                <\/a>\r\n                                            <\/div>\r\n                                                                                <div class=\"info\">\r\n                                            <h6 class=\"name\">SERVER TURC<\/h6>\r\n                                            <a href=\"\" class=\"userName\" target=\"_blank\">TIMP DE LIVRARE 5 MINUTE<\/a>\r\n                                        <\/div>\r\n                                    <\/div>\r\n                                    <div class=\"trendingNft__item-wish\">\r\n                                        <a href=\"#contact\" target=\"_blank\">\r\n                                            <i class=\"far fa-heart\"><\/i>\r\n                                        <\/a>\r\n                                    <\/div>\r\n                                <\/div>\r\n                                                                    <div class=\"trendingNft__item-image\">\r\n                                        <a href=\"#contact\" target=\"_blank\">\r\n                                            <img decoding=\"async\" src=\"http:\/\/metin2-won.com\/wp-content\/uploads\/2024\/01\/Turkish.png\" alt=\"NFT Image\">\r\n                                        <\/a>\r\n                                    <\/div>\r\n                                                                <div class=\"trendingNft__item-bottom\">\r\n                                    <div class=\"trendingNft__item-price\">\r\n                                                                                    <span class=\"bid\">PRE\u021a PE ID<\/span>\r\n                                                                                <h6 class=\"eth\"><i class=\"fab fa-ethereum\"><\/i> SOLICIT\u0102 <span><\/span><\/h6>\r\n                                    <\/div>\r\n                                    <a href=\"#contact\" class=\"bid-btn\" target=\"_blank\">CUMP\u0102RA\u021aI <i class=\"fas fa-long-arrow-alt-right\"><\/i><\/a>\r\n                                <\/div>\r\n                            <\/div>\r\n                        <\/div>\r\n                                            <div class=\"swiper-slide\">\r\n                            <div class=\"trendingNft__item\">\r\n                                <div class=\"trendingNft__item-top\">\r\n                                    <div class=\"trendingNft__item-avatar\">\r\n                                                                                    <div class=\"image\">\r\n                                                <a href=\"\" target=\"_blank\">\r\n                                                    <img decoding=\"async\" src=\"http:\/\/metin2-won.com\/wp-content\/uploads\/2024\/01\/Clock-1.png\" alt=\"NFT Author\">\r\n                                                <\/a>\r\n                                            <\/div>\r\n                                                                                <div class=\"info\">\r\n                                            <h6 class=\"name\">SERVER GERMAN<\/h6>\r\n                                            <a href=\"\" class=\"userName\" target=\"_blank\">TIMP DE LIVRARE 5 MINUTE<\/a>\r\n                                        <\/div>\r\n                                    <\/div>\r\n                                    <div class=\"trendingNft__item-wish\">\r\n                                        <a href=\"#contact\" target=\"_blank\">\r\n                                            <i class=\"far fa-heart\"><\/i>\r\n                                        <\/a>\r\n                                    <\/div>\r\n                                <\/div>\r\n                                                                    <div class=\"trendingNft__item-image\">\r\n                                        <a href=\"#contact\" target=\"_blank\">\r\n                                            <img decoding=\"async\" src=\"http:\/\/metin2-won.com\/wp-content\/uploads\/2024\/01\/German.png\" alt=\"NFT Image\">\r\n                                        <\/a>\r\n                                    <\/div>\r\n                                                                <div class=\"trendingNft__item-bottom\">\r\n                                    <div class=\"trendingNft__item-price\">\r\n                                                                                    <span class=\"bid\">PRE\u021a PE ID<\/span>\r\n                                                                                <h6 class=\"eth\"><i class=\"fab fa-ethereum\"><\/i> SOLICIT\u0102 <span><\/span><\/h6>\r\n                                    <\/div>\r\n                                    <a href=\"#contact\" class=\"bid-btn\" target=\"_blank\">CUMP\u0102RA\u021aI <i class=\"fas fa-long-arrow-alt-right\"><\/i><\/a>\r\n                                <\/div>\r\n                            <\/div>\r\n                        <\/div>\r\n                                    <\/div>\r\n            <\/div>\r\n\r\n        \r\n\t\t<\/div>\n\t\t\t\t<\/div>\n\t\t\t\t<\/div>\n\t\t\t\t\t<\/div>\n\t\t\t\t<\/div>\n\t\t<div class=\"elementor-element elementor-element-8d580f1 e-flex e-con-boxed e-con e-parent\" data-id=\"8d580f1\" data-element_type=\"container\">\n\t\t\t\t\t<div class=\"e-con-inner\">\n\t\t\t\t<div class=\"elementor-element elementor-element-622b6b1 elementor-widget elementor-widget-text-editor\" data-id=\"622b6b1\" data-element_type=\"widget\" data-widget_type=\"text-editor.default\">\n\t\t\t\t<div class=\"elementor-widget-container\">\n\t\t\t\t\t\t\t<p><span style=\"color: #edf2f7;\"><span style=\"font-weight: 400;\">Sunte\u021bi \u00een c\u0103utarea unui cont Metin2 foarte bine nivelat, cu un personaj puternic \u0219i echipament puternic? Aici ve\u021bi g\u0103si o selec\u021bie mare de conturi Metin2 pentru <\/span><b>german\u0103<\/b><span style=\"font-weight: 400;\">, <\/span><b>Turc\u0103<\/b><span style=\"font-weight: 400;\"> \u0219i <\/span><b>Server rom\u00e2nesc<\/b><span style=\"font-weight: 400;\"> - toate testate, sigure \u0219i necostisitoare! Cump\u0103ra\u021bi-v\u0103 noul cont Metin2 acum \u0219i \u00eencepe\u021bi imediat, f\u0103r\u0103 a fi nevoit s\u0103 petrece\u021bi ore \u00eentregi nivel\u00e2nd \u0219i m\u0103cin\u00e2nd.<\/span><\/span><\/p><h2><span style=\"color: #edf2f7;\"><b>De ce s\u0103 cump\u0103ra\u021bi un cont Metin2 de la noi?<\/b><\/span><\/h2><p><span style=\"font-weight: 400; color: #edf2f7;\">Cump\u0103rarea unui cont Metin2 la Metin2-Won.com este sigur\u0103, transparent\u0103 \u0219i f\u0103r\u0103 riscuri. Spre deosebire de cump\u0103rarea de la un v\u00e2nz\u0103tor privat, care implic\u0103 riscul return\u0103rilor, \u00een calitate de furnizor de renume, noi oferim procesare fiabil\u0103 \u0219i m\u0103suri de securitate cuprinz\u0103toare. Conturile noastre provin exclusiv de la primii proprietari \u0219i au fost actualizate f\u0103r\u0103 bots sau cheats.<\/span><\/p><h2><span style=\"color: #edf2f7;\"><b>Avantaje la Metin2-Won.com:<\/b><\/span><\/h2><ul><li style=\"font-weight: 400;\" aria-level=\"1\"><span style=\"color: #edf2f7;\"><b>Conturi verificate<\/b><span style=\"font-weight: 400;\"> Direct de la primul proprietar<\/span><\/span><\/li><li style=\"font-weight: 400;\" aria-level=\"1\"><span style=\"color: #edf2f7;\"><b>F\u0103r\u0103 riscuri de debitare<\/b><span style=\"font-weight: 400;\"> sau nenum\u0103ra\u021bi proprietari anteriori<\/span><\/span><\/li><li style=\"font-weight: 400;\" aria-level=\"1\"><span style=\"color: #edf2f7;\"><b>Informa\u021bii transparente<\/b><span style=\"font-weight: 400;\"> la nivel, clas\u0103, statistici \u0219i echipare<\/span><\/span><\/li><li style=\"font-weight: 400;\" aria-level=\"1\"><span style=\"color: #edf2f7;\"><b>Acces securizat<\/b><span style=\"font-weight: 400;\"> prin transferarea adresei actuale de e-mail<\/span><\/span><\/li><\/ul><h2><span style=\"color: #edf2f7;\"><b>Ce prime\u0219ti c\u00e2nd cumperi un cont Metin2?<\/b><\/span><\/h2><p><span style=\"font-weight: 400; color: #edf2f7;\">Dac\u0103 v\u0103 decide\u021bi s\u0103 crea\u021bi un cont cu noi, ve\u021bi primi nu numai un personaj complet nivelat, ci \u0219i o list\u0103 detaliat\u0103 a tuturor caracteristicilor \u0219i echipamentelor. Toate conturile Metin2 cu noi vin cu urm\u0103torul con\u021binut:<\/span><\/p><ul><li style=\"font-weight: 400;\" aria-level=\"1\"><span style=\"color: #edf2f7;\"><b>Cont Metin2 activ<\/b><span style=\"font-weight: 400;\"> pe serverul oficial Gameforge (server german, turc sau rom\u00e2n)<\/span><\/span><\/li><li style=\"font-weight: 400;\" aria-level=\"1\"><span style=\"color: #edf2f7;\"><b>Clasa \u0219i nivelul personajului<\/b><span style=\"font-weight: 400;\"> \u00een conformitate cu descrierea articolului<\/span><\/span><\/li><li style=\"font-weight: 400;\" aria-level=\"1\"><span style=\"color: #edf2f7;\"><b>Statistici \u0219i abilit\u0103\u021bi complete<\/b><span style=\"font-weight: 400;\">care corespunde caracterului<\/span><\/span><\/li><li style=\"font-weight: 400;\" aria-level=\"1\"><span style=\"color: #edf2f7;\"><b>Piese de schimb<\/b><span style=\"font-weight: 400;\"> cum ar fi arme, armuri \u0219i bijuterii, astfel cum sunt descrise<\/span><\/span><\/li><li style=\"font-weight: 400;\" aria-level=\"1\"><span style=\"color: #edf2f7;\"><b>Adresa de e-mail curent\u0103<\/b><span style=\"font-weight: 400;\">pentru acces complet \u0219i securitate<\/span><\/span><\/li><\/ul><h2><span style=\"color: #edf2f7;\"><b>Cum func\u021bioneaz\u0103 achizi\u021bia la Metin2-Won.com?<\/b><\/span><\/h2><ol><li style=\"font-weight: 400;\" aria-level=\"1\"><span style=\"color: #edf2f7;\"><b>Selecta\u021bi contul:<\/b><span style=\"font-weight: 400;\"> Selecta\u021bi contul corespunz\u0103tor \u00een func\u021bie de regiunea serverului (Germania, Turcia sau Rom\u00e2nia) \u0219i de descrierea caracterului.<\/span><\/span><\/li><li style=\"font-weight: 400;\" aria-level=\"1\"><span style=\"color: #edf2f7;\"><b>Verifica\u021bi detaliile:<\/b><span style=\"font-weight: 400;\"> Citi\u021bi descrierea detaliat\u0103 a clasei, nivelului, statisticilor \u0219i echipamentului pentru a v\u0103 asigura c\u0103 contul \u00eendepline\u0219te cerin\u021bele dumneavoastr\u0103.<\/span><\/span><\/li><\/ol><p><span style=\"color: #edf2f7;\"><b>Achizi\u021bie sigur\u0103:<\/b><span style=\"font-weight: 400;\"> Dup\u0103 finalizarea achizi\u021biei, ve\u021bi primi acces imediat \u0219i toate informa\u021biile de care ave\u021bi nevoie pentru a utiliza noul dvs. cont.<\/span><\/span><\/p><h2><span style=\"color: #edf2f7;\"><b>\u00centreb\u0103ri frecvente (FAQ)<\/b><\/span><\/h2>\t\t\t\t\t\t<\/div>\n\t\t\t\t<\/div>\n\t\t\t\t<div class=\"elementor-element elementor-element-c8ba48a elementor-widget elementor-widget-genix-faq\" data-id=\"c8ba48a\" data-element_type=\"widget\" data-widget_type=\"genix-faq.default\">\n\t\t\t\t<div class=\"elementor-widget-container\">\n\t\t\t\r\n        <div class=\"faq__wrapper\">\r\n            <div class=\"accordion\" id=\"accordionExample\">\r\n                                    <div class=\"accordion-item\">\r\n                        <h2 class=\"accordion-header\" id=\"headingOne-0\">\r\n                            <button class=\"accordion-button\" type=\"button\" data-bs-toggle=\"collapse\" data-bs-target=\"#collapseOne-0\" aria-expanded=\"true\" aria-controls=\"collapseOne-0\">\r\n                                <span class=\"count\">1<\/span> Oferi\u021bi \u0219i conturi cu personaje special \u00eembun\u0103t\u0103\u021bite?                            <\/button>\r\n                        <\/h2>\r\n                        <div id=\"collapseOne-0\" class=\"accordion-collapse collapse show\" aria-labelledby=\"headingOne-0\" data-bs-parent=\"#accordionExample\">\r\n                            <div class=\"accordion-body\">\r\n                                \u00cen prezent, nu dispunem de un serviciu personalizat pe care s\u0103 \u00eel nivel\u0103m la cerere. Cu toate acestea, v\u0103 invit\u0103m s\u0103 folosi\u021bi LiveChat-ul nostru pentru a solicita informa\u021bii despre conturi speciale - ne actualiz\u0103m periodic oferta \u0219i suntem bucuro\u0219i s\u0103 v\u0103 ajut\u0103m.\n                            <\/div>\r\n                        <\/div>\r\n                    <\/div>\r\n                                    <div class=\"accordion-item\">\r\n                        <h2 class=\"accordion-header\" id=\"headingOne-1\">\r\n                            <button class=\"accordion-button collapsed\" type=\"button\" data-bs-toggle=\"collapse\" data-bs-target=\"#collapseOne-1\" aria-expanded=\"false\" aria-controls=\"collapseOne-1\">\r\n                                <span class=\"count\">2<\/span> Sunt conturile cu adev\u0103rat sigure?                            <\/button>\r\n                        <\/h2>\r\n                        <div id=\"collapseOne-1\" class=\"accordion-collapse collapse\" aria-labelledby=\"headingOne-1\" data-bs-parent=\"#accordionExample\">\r\n                            <div class=\"accordion-body\">\r\n                                Da, toate conturile sunt de prim\u0103 m\u00e2n\u0103 \u0219i au fost \u00eenc\u0103rcate f\u0103r\u0103 mijloace neautorizate, cum ar fi robo\u021bii. Garant\u0103m acces deplin \u0219i exclusiv la fiecare cont.\n                            <\/div>\r\n                        <\/div>\r\n                    <\/div>\r\n                                    <div class=\"accordion-item\">\r\n                        <h2 class=\"accordion-header\" id=\"headingOne-2\">\r\n                            <button class=\"accordion-button collapsed\" type=\"button\" data-bs-toggle=\"collapse\" data-bs-target=\"#collapseOne-2\" aria-expanded=\"false\" aria-controls=\"collapseOne-2\">\r\n                                <span class=\"count\">3<\/span> Pentru ce regiuni ale serverului sunt disponibile conturi?                            <\/button>\r\n                        <\/h2>\r\n                        <div id=\"collapseOne-2\" class=\"accordion-collapse collapse\" aria-labelledby=\"headingOne-2\" data-bs-parent=\"#accordionExample\">\r\n                            <div class=\"accordion-body\">\r\n                                \u00cen prezent oferim conturi pentru serverele Metin2 din Germania, Turcia \u0219i Rom\u00e2nia. Pur \u0219i simplu selecta\u021bi regiunea dvs. atunci c\u00e2nd v\u0103 alege\u021bi contul.                            <\/div>\r\n                        <\/div>\r\n                    <\/div>\r\n                            <\/div>\r\n        <\/div>\r\n\t\t<\/div>\n\t\t\t\t<\/div>\n\t\t\t\t<div class=\"elementor-element elementor-element-aca15d4 elementor-widget elementor-widget-text-editor\" data-id=\"aca15d4\" data-element_type=\"widget\" data-widget_type=\"text-editor.default\">\n\t\t\t\t<div class=\"elementor-widget-container\">\n\t\t\t\t\t\t\t<h3><span style=\"color: #edf2f7;\"><b>Contacta\u021bi-ne<\/b><\/span><\/h3><p><span style=\"font-weight: 400; color: #edf2f7;\">LiveChat-ul nostru este disponibil zilnic pentru a v\u0103 r\u0103spunde la \u00eentreb\u0103ri privind achizi\u021bia \u0219i serviciile. De asemenea, v\u0103 pute\u021bi \u00eenscrie pe lista noastr\u0103 de p\u0103r\u021bi interesate pentru a fi informat despre noile conturi. Calea dvs. sigur\u0103 \u0219i u\u0219oar\u0103 c\u0103tre un cont Metin2 de \u00eenalt\u0103 calitate \u00eencepe aici, la Metin2-Won.com!<\/span><\/p>\t\t\t\t\t\t<\/div>\n\t\t\t\t<\/div>\n\t\t\t\t\t<\/div>\n\t\t\t\t<\/div>\n\t\t\t\t<\/div>","protected":false},"excerpt":{"rendered":"<p>ROMANIAN SERVER 5 MINUTEN LIEFERZEIT PREIS PRO ID ASK KAUFEN TURKISH SERVER 5 MINUTEN LIEFERZEIT PREIS PRO ID ASK KAUFEN GERMAN SERVER 5 MINUTEN LIEFERZEIT PREIS PRO ID ASK KAUFEN Du suchst nach einem hochgelevelten Metin2 Account mit m\u00e4chtigem Charakter und starkem Equipment? Bei uns findest du eine gro\u00dfe Auswahl an Metin2 Accounts f\u00fcr die [&hellip;]<\/p>","protected":false},"author":1,"featured_media":0,"parent":0,"menu_order":0,"comment_status":"closed","ping_status":"closed","template":"","meta":{"_acf_changed":false,"footnotes":""},"class_list":["post-3508","page","type-page","status-publish","hentry"],"acf":[],"_links":{"self":[{"href":"https:\/\/metin2-won.com\/ro\/wp-json\/wp\/v2\/pages\/3508","targetHints":{"allow":["GET"]}}],"collection":[{"href":"https:\/\/metin2-won.com\/ro\/wp-json\/wp\/v2\/pages"}],"about":[{"href":"https:\/\/metin2-won.com\/ro\/wp-json\/wp\/v2\/types\/page"}],"author":[{"embeddable":true,"href":"https:\/\/metin2-won.com\/ro\/wp-json\/wp\/v2\/users\/1"}],"replies":[{"embeddable":true,"href":"https:\/\/metin2-won.com\/ro\/wp-json\/wp\/v2\/comments?post=3508"}],"version-history":[{"count":11,"href":"https:\/\/metin2-won.com\/ro\/wp-json\/wp\/v2\/pages\/3508\/revisions"}],"predecessor-version":[{"id":3581,"href":"https:\/\/metin2-won.com\/ro\/wp-json\/wp\/v2\/pages\/3508\/revisions\/3581"}],"wp:attachment":[{"href":"https:\/\/metin2-won.com\/ro\/wp-json\/wp\/v2\/media?parent=3508"}],"curies":[{"name":"wp","href":"https:\/\/api.w.org\/{rel}","templated":true}]}}