{"id":3159,"date":"2024-10-10T14:53:42","date_gmt":"2024-10-10T14:53:42","guid":{"rendered":"https:\/\/metin2-won.com\/?page_id=3159"},"modified":"2024-11-11T18:10:17","modified_gmt":"2024-11-11T18:10:17","slug":"haufig-gestellte-fragen-faq","status":"publish","type":"page","link":"https:\/\/metin2-won.com\/ro\/haufig-gestellte-fragen-faq\/","title":{"rendered":"\u00centreb\u0103ri frecvente (FAQ)"},"content":{"rendered":"<div data-elementor-type=\"wp-page\" data-elementor-id=\"3159\" class=\"elementor elementor-3159\" data-elementor-post-type=\"page\">\n\t\t\t\t<div class=\"elementor-element elementor-element-939860f e-flex e-con-boxed e-con e-parent\" data-id=\"939860f\" data-element_type=\"container\" data-settings=\"{&quot;background_background&quot;:&quot;classic&quot;}\">\n\t\t\t\t\t<div class=\"e-con-inner\">\n\t\t<div class=\"elementor-element elementor-element-8160588 e-con-full e-flex e-con e-child\" data-id=\"8160588\" data-element_type=\"container\">\n\t\t\t\t<div class=\"elementor-element elementor-element-1fba981 e-transform elementor-widget elementor-widget-genix-image\" data-id=\"1fba981\" data-element_type=\"widget\" data-settings=\"{&quot;_transform_scale_effect_mobile&quot;:{&quot;unit&quot;:&quot;px&quot;,&quot;size&quot;:0.6,&quot;sizes&quot;:[]},&quot;_transform_scale_effect&quot;:{&quot;unit&quot;:&quot;px&quot;,&quot;size&quot;:&quot;&quot;,&quot;sizes&quot;:[]},&quot;_transform_scale_effect_tablet&quot;:{&quot;unit&quot;:&quot;px&quot;,&quot;size&quot;:&quot;&quot;,&quot;sizes&quot;:[]}}\" data-widget_type=\"genix-image.default\">\n\t\t\t\t<div class=\"elementor-widget-container\">\n\t\t\t\r\n        \r\n            <div class=\"about__funFact-images\">\r\n                                    <img decoding=\"async\" src=\"https:\/\/metin2-won.com\/wp-content\/uploads\/2024\/01\/Spark.webp\" alt=\"\" class=\"bg-shape\">\r\n                \r\n                                    <img decoding=\"async\" src=\"https:\/\/metin2-won.com\/wp-content\/uploads\/2024\/01\/picture-768x504.png\" class=\"main-img\" alt=\"\">\r\n                            <\/div>\r\n        \r\n\t\t<\/div>\n\t\t\t\t<\/div>\n\t\t\t\t<\/div>\n\t\t<div class=\"elementor-element elementor-element-1c6f690 e-con-full e-flex e-con e-child\" data-id=\"1c6f690\" data-element_type=\"container\">\n\t\t\t\t<div class=\"elementor-element elementor-element-4970ae9 faq__content-wrap elementor-widget elementor-widget-tg-heading\" data-id=\"4970ae9\" data-element_type=\"widget\" data-widget_type=\"tg-heading.default\">\n\t\t\t\t<div class=\"elementor-widget-container\">\n\t\t\t\r\n\r\n        \r\n            <div class=\"section__title\">\r\n                                    <span class=\"sub-title tg__animate-text\">Erhalten Sie Ihre Antwort<\/span>\r\n                                <h4 class=\"title tg-element-title\">Alles \u00fcber den Kauf von Yangs<\/h4>            <\/div>\r\n\r\n        \r\n\t\t<\/div>\n\t\t\t\t<\/div>\n\t\t\t\t<div class=\"elementor-element elementor-element-c6cb032 elementor-widget elementor-widget-genix-faq\" data-id=\"c6cb032\" data-element_type=\"widget\" data-widget_type=\"genix-faq.default\">\n\t\t\t\t<div class=\"elementor-widget-container\">\n\t\t\t\r\n        <div class=\"faq__wrapper\">\r\n            <div class=\"accordion\" id=\"accordionExample\">\r\n                                    <div class=\"accordion-item\">\r\n                        <h2 class=\"accordion-header\" id=\"headingOne-0\">\r\n                            <button class=\"accordion-button\" type=\"button\" data-bs-toggle=\"collapse\" data-bs-target=\"#collapseOne-0\" aria-expanded=\"true\" aria-controls=\"collapseOne-0\">\r\n                                <span class=\"count\">1<\/span> Wie kauft man Wons auf Metin2?                            <\/button>\r\n                        <\/h2>\r\n                        <div id=\"collapseOne-0\" class=\"accordion-collapse collapse show\" aria-labelledby=\"headingOne-0\" data-bs-parent=\"#accordionExample\">\r\n                            <div class=\"accordion-body\">\r\n                                Der Kauf von Yangs auf Metin2 ist sehr einfach, man muss nur einen Won-Verk\u00e4ufer kontaktieren und ihn um den Kauf bitten. Bei Metin2-Won.com verkaufen wir die besten Yangs zu den besten Preisen, um Ihnen einen tadellosen Service zu garantieren. Die Zufriedenheit unserer Kunden hat f\u00fcr uns oberste Priorit\u00e4t. <br><br>\nDer Kauf Ihrer Wons ist sehr einfach, kontaktieren Sie uns \u00fcber unsere Website und teilen Sie uns den Betrag mit, den Sie kaufen m\u00f6chten. Wir haben keinen Mindestbetrag und akzeptieren eine breite Auswahl an Zahlungsmethoden.                            <\/div>\r\n                        <\/div>\r\n                    <\/div>\r\n                                    <div class=\"accordion-item\">\r\n                        <h2 class=\"accordion-header\" id=\"headingOne-1\">\r\n                            <button class=\"accordion-button collapsed\" type=\"button\" data-bs-toggle=\"collapse\" data-bs-target=\"#collapseOne-1\" aria-expanded=\"false\" aria-controls=\"collapseOne-1\">\r\n                                <span class=\"count\">2<\/span> Ist der Kauf von Wons sicher?                            <\/button>\r\n                        <\/h2>\r\n                        <div id=\"collapseOne-1\" class=\"accordion-collapse collapse\" aria-labelledby=\"headingOne-1\" data-bs-parent=\"#accordionExample\">\r\n                            <div class=\"accordion-body\">\r\n                                Ja! Bei uns ist der Kauf von Won vollkommen sicher. Wir haben sehr strenge Verkaufsverfahren eingerichtet, um unseren Kunden zu erm\u00f6glichen, ihre Wons unter den besten Bedingungen zu erhalten: Schnelligkeit und Sicherheit stehen dabei im Vordergrund.\n<br><br>\nWenn Sie eine Bestellung auf unserer Website aufgegeben haben, k\u00f6nnen Sie w\u00e4hlen, wie Sie Ihre Wons erhalten m\u00f6chten. Wir sorgen daf\u00fcr, dass der Won-Kauf sicher und in bestm\u00f6glicher Zeit durchgef\u00fchrt wird.                            <\/div>\r\n                        <\/div>\r\n                    <\/div>\r\n                                    <div class=\"accordion-item\">\r\n                        <h2 class=\"accordion-header\" id=\"headingOne-2\">\r\n                            <button class=\"accordion-button collapsed\" type=\"button\" data-bs-toggle=\"collapse\" data-bs-target=\"#collapseOne-2\" aria-expanded=\"false\" aria-controls=\"collapseOne-2\">\r\n                                <span class=\"count\">3<\/span> Wie lange dauert es, bis ich meine Bestellung erhalte?                            <\/button>\r\n                        <\/h2>\r\n                        <div id=\"collapseOne-2\" class=\"accordion-collapse collapse\" aria-labelledby=\"headingOne-2\" data-bs-parent=\"#accordionExample\">\r\n                            <div class=\"accordion-body\">\r\n                                Wir bieten sofortige Lieferung! Sie erhalten Ihre Yangs oder Wons innerhalb weniger Minuten, nachdem Ihre Zahlung best\u00e4tigt wurde.                            <\/div>\r\n                        <\/div>\r\n                    <\/div>\r\n                                    <div class=\"accordion-item\">\r\n                        <h2 class=\"accordion-header\" id=\"headingOne-3\">\r\n                            <button class=\"accordion-button collapsed\" type=\"button\" data-bs-toggle=\"collapse\" data-bs-target=\"#collapseOne-3\" aria-expanded=\"false\" aria-controls=\"collapseOne-3\">\r\n                                <span class=\"count\">4<\/span> Ist es sicher, Yangs und Wons auf Ihrer Seite zu kaufen?                            <\/button>\r\n                        <\/h2>\r\n                        <div id=\"collapseOne-3\" class=\"accordion-collapse collapse\" aria-labelledby=\"headingOne-3\" data-bs-parent=\"#accordionExample\">\r\n                            <div class=\"accordion-body\">\r\n                                Absolut! Wir verwenden sichere Liefermethoden, um sicherzustellen, dass Ihr Metin2-Konto bei Transaktionen nicht gef\u00e4hrdet ist.                            <\/div>\r\n                        <\/div>\r\n                    <\/div>\r\n                                    <div class=\"accordion-item\">\r\n                        <h2 class=\"accordion-header\" id=\"headingOne-4\">\r\n                            <button class=\"accordion-button collapsed\" type=\"button\" data-bs-toggle=\"collapse\" data-bs-target=\"#collapseOne-4\" aria-expanded=\"false\" aria-controls=\"collapseOne-4\">\r\n                                <span class=\"count\">5<\/span> Welche Zahlungsmethoden akzeptieren Sie?                            <\/button>\r\n                        <\/h2>\r\n                        <div id=\"collapseOne-4\" class=\"accordion-collapse collapse\" aria-labelledby=\"headingOne-4\" data-bs-parent=\"#accordionExample\">\r\n                            <div class=\"accordion-body\">\r\n                                Wir bieten sichere Zahlungen \u00fcber eine Vielzahl vertrauensw\u00fcrdiger Methoden an, um Ihre pers\u00f6nlichen und finanziellen Daten zu sch\u00fctzen.                            <\/div>\r\n                        <\/div>\r\n                    <\/div>\r\n                                    <div class=\"accordion-item\">\r\n                        <h2 class=\"accordion-header\" id=\"headingOne-5\">\r\n                            <button class=\"accordion-button collapsed\" type=\"button\" data-bs-toggle=\"collapse\" data-bs-target=\"#collapseOne-5\" aria-expanded=\"false\" aria-controls=\"collapseOne-5\">\r\n                                <span class=\"count\">6<\/span> Was soll ich tun, wenn ich Hilfe mit meiner Bestellung ben\u00f6tige?                            <\/button>\r\n                        <\/h2>\r\n                        <div id=\"collapseOne-5\" class=\"accordion-collapse collapse\" aria-labelledby=\"headingOne-5\" data-bs-parent=\"#accordionExample\">\r\n                            <div class=\"accordion-body\">\r\n                                Unser 24\/7-Support-Team steht Ihnen jederzeit zur Verf\u00fcgung. Sie k\u00f6nnen uns jederzeit \u00fcber den Live-Chat oder per E-Mail kontaktieren.                            <\/div>\r\n                        <\/div>\r\n                    <\/div>\r\n                                    <div class=\"accordion-item\">\r\n                        <h2 class=\"accordion-header\" id=\"headingOne-6\">\r\n                            <button class=\"accordion-button collapsed\" type=\"button\" data-bs-toggle=\"collapse\" data-bs-target=\"#collapseOne-6\" aria-expanded=\"false\" aria-controls=\"collapseOne-6\">\r\n                                <span class=\"count\">7<\/span> Kann ich Ihren Service vertrauen?                            <\/button>\r\n                        <\/h2>\r\n                        <div id=\"collapseOne-6\" class=\"accordion-collapse collapse\" aria-labelledby=\"headingOne-6\" data-bs-parent=\"#accordionExample\">\r\n                            <div class=\"accordion-body\">\r\n                                Ja! Wir haben eine nachgewiesene Erfolgsbilanz darin, Yangs und Wons schnell und sicher an Tausende zufriedener Kunden zu liefern.                            <\/div>\r\n                        <\/div>\r\n                    <\/div>\r\n                            <\/div>\r\n        <\/div>\r\n\t\t<\/div>\n\t\t\t\t<\/div>\n\t\t\t\t<\/div>\n\t\t\t\t\t<\/div>\n\t\t\t\t<\/div>\n\t\t<div class=\"elementor-element elementor-element-280d7d0 e-con-full e-flex e-con e-parent\" data-id=\"280d7d0\" data-element_type=\"container\" data-settings=\"{&quot;background_background&quot;:&quot;classic&quot;}\">\n\t\t<div class=\"elementor-element elementor-element-78149c7 e-flex e-con-boxed e-con e-child\" data-id=\"78149c7\" data-element_type=\"container\" data-settings=\"{&quot;background_background&quot;:&quot;classic&quot;}\">\n\t\t\t\t\t<div class=\"e-con-inner\">\n\t\t\t\t<div class=\"elementor-element elementor-element-2d030cf elementor-widget elementor-widget-sociallist\" data-id=\"2d030cf\" data-element_type=\"widget\" data-widget_type=\"sociallist.default\">\n\t\t\t\t<div class=\"elementor-widget-container\">\n\t\t\t\r\n        <div class=\"row justify-content-center gutter-20 row-cols-2 row-cols-lg-6 row-cols-md-4 row-cols-sm-3\">\r\n                            <div class=\"col\">\r\n                    <div class=\"social__item\">\r\n                        <a href=\"https:\/\/wa.me\/+971554365484?text=Hello!\" target=\"_blank\" rel=\"noopener\">\r\n                            <svg xmlns=\"http:\/\/www.w3.org\/2000\/svg\" class=\"whatsapp\" viewbox=\"0 0 50 50\" width=\"50px\" height=\"50px\"><path d=\"M25,2C12.318,2,2,12.318,2,25c0,3.96,1.023,7.854,2.963,11.29L2.037,46.73c-0.096,0.343-0.003,0.711,0.245,0.966 C2.473,47.893,2.733,48,3,48c0.08,0,0.161-0.01,0.24-0.029l10.896-2.699C17.463,47.058,21.21,48,25,48c12.682,0,23-10.318,23-23 S37.682,2,25,2z M36.57,33.116c-0.492,1.362-2.852,2.605-3.986,2.772c-1.018,0.149-2.306,0.213-3.72-0.231 c-0.857-0.27-1.957-0.628-3.366-1.229c-5.923-2.526-9.791-8.415-10.087-8.804C15.116,25.235,13,22.463,13,19.594 s1.525-4.28,2.067-4.864c0.542-0.584,1.181-0.73,1.575-0.73s0.787,0.005,1.132,0.021c0.363,0.018,0.85-0.137,1.329,1.001 c0.492,1.168,1.673,4.037,1.819,4.33c0.148,0.292,0.246,0.633,0.05,1.022c-0.196,0.389-0.294,0.632-0.59,0.973 s-0.62,0.76-0.886,1.022c-0.296,0.291-0.603,0.606-0.259,1.19c0.344,0.584,1.529,2.493,3.285,4.039 c2.255,1.986,4.158,2.602,4.748,2.894c0.59,0.292,0.935,0.243,1.279-0.146c0.344-0.39,1.476-1.703,1.869-2.286 s0.787-0.487,1.329-0.292c0.542,0.194,3.445,1.604,4.035,1.896c0.59,0.292,0.984,0.438,1.132,0.681 C37.062,30.587,37.062,31.755,36.57,33.116z\"><\/path><\/svg>                                                            <span>WHATSAPP<\/span>\r\n                                                        <svg xmlns=\"http:\/\/www.w3.org\/2000\/svg\" width=\"65\" height=\"5\" viewbox=\"0 0 65 5\">\r\n                                <path d=\"M968,5630h65l-4,5H972Z\" transform=\"translate(-968 -5630)\" \/>\r\n                            <\/svg>\r\n                        <\/a>\r\n                    <\/div>\r\n                <\/div>\r\n                            <div class=\"col\">\r\n                    <div class=\"social__item\">\r\n                        <a href=\"#contact\">\r\n                            <svg xmlns=\"http:\/\/www.w3.org\/2000\/svg\" viewbox=\"0 0 50 50\" class=\"chat-icon widget_button\" width=\"50px\" height=\"50px\"><path d=\"M 25 4 C 12.316406 4 2 12.972656 2 24 C 2 30.1875 5.335938 36.066406 10.949219 39.839844 C 10.816406 40.890625 10.285156 43.441406 8.183594 46.425781 L 7.078125 47.992188 L 9.054688 48 C 14.484375 48 18.15625 44.671875 19.363281 43.394531 C 21.195313 43.796875 23.089844 44 25 44 C 37.683594 44 48 35.027344 48 24 C 48 12.972656 37.683594 4 25 4 Z\"><\/path><\/svg>                                                            <span>LIVE CHAT<\/span>\r\n                                                        <svg xmlns=\"http:\/\/www.w3.org\/2000\/svg\" width=\"65\" height=\"5\" viewbox=\"0 0 65 5\">\r\n                                <path d=\"M968,5630h65l-4,5H972Z\" transform=\"translate(-968 -5630)\" \/>\r\n                            <\/svg>\r\n                        <\/a>\r\n                    <\/div>\r\n                <\/div>\r\n                            <div class=\"col\">\r\n                    <div class=\"social__item\">\r\n                        <a href=\"https:\/\/discord.gg\/bBmyJBZwfs\" target=\"_blank\" rel=\"noopener\">\r\n                            <i aria-hidden=\"true\" class=\"genix flaticon-discord\"><\/i>                                                            <span>discordie<\/span>\r\n                                                        <svg xmlns=\"http:\/\/www.w3.org\/2000\/svg\" width=\"65\" height=\"5\" viewbox=\"0 0 65 5\">\r\n                                <path d=\"M968,5630h65l-4,5H972Z\" transform=\"translate(-968 -5630)\" \/>\r\n                            <\/svg>\r\n                        <\/a>\r\n                    <\/div>\r\n                <\/div>\r\n                            <div class=\"col\">\r\n                    <div class=\"social__item\">\r\n                        <a href=\"https:\/\/www.elitepvpers.com\/forum\/metin2-trading\/5093508-buy-sell-won-all-official-private-servers.html\" target=\"_blank\" rel=\"noopener\">\r\n                            <svg xmlns=\"http:\/\/www.w3.org\/2000\/svg\" class=\"chat-icon\" id=\"Layer_2\" data-name=\"Layer 2\" viewbox=\"0 0 68.81 47.23\"><defs><style>      .cls-1 {        stroke-width: 0px;      }    <\/style><\/defs><g id=\"Layer_2-2\" data-name=\"Layer 2\"><g id=\"Layer_1-2\" data-name=\"Layer 1-2\"><g><path class=\"cls-1\" d=\"M68.81,7.53c-.38,1.91-.9,3.77-1.86,5.49-2.65,4.8-6.53,8.04-11.85,9.51-.1.03-.21.04-.3.06-.03-.07-.06-.09-.05-.11.64-1.67.45-2.11-1.36-2.21-2.17-.12-4.34-.03-6.29-.03.04.29.22.75.14,1.15-1.14,5.25-2.36,10.49-3.47,15.75-.32,1.52-.36,3.1-.58,4.65-.04.26-.24.57-.47.72-.77.48-1.57.9-2.43,1.38-.03-.06-.18-.26-.22-.49-.11-.67-.38-1.2-.99-1.58-.19-.12-.27-.61-.2-.88.23-.85.43-1.75.87-2.5,1.67-2.88,1.78-6.16,2.56-9.27.67-2.69,1.18-5.42,1.77-8.13.06-.3.17-.59.27-.92-.16,0-.37.02-.7.04.27-1.21.21-2.67.89-3.52,1.02-1.28.86-2.75,1.39-4.08.12-.31.37-.57.58-.88-.31.03-.65.07-1.1.12.37-1.81.73-3.59,1.12-5.37.03-.16.23-.37.39-.41.73-.18.65-.8.55-1.23-.27-1.19-.14-1.58.87-2.14.26-.14.45-.42.63-.67.42-.59.82-1.21,1.34-1.99.17.98.29,1.73.45,2.47.06.3.11.65.29.88.61.75.35,1.38-.16,2.03-.09.12-.11.3-.19.53.28.03.5.06.71.06,3.38,0,6.77.07,10.15-.04,1.11-.03,2.25-.39,3.29-.81,1.34-.55,2.14-1.61,2.08-3.26,1.26,1.03,1.52,2.44,1.89,3.79v1.89h0ZM61.42,11.73h-13.08c.98.27.91.91.69,1.67-.24.87-.39,1.76-.6,2.72,2.46,0,4.81.06,7.15-.01,2.97-.09,4.56-1.48,5.83-4.38Z\"><\/path><path class=\"cls-1\" d=\"M34.34,47.22c-1.02-2.46-1.96-4.71-2.87-6.96-.08-.2-.06-.52.05-.7.42-.75.42-1.51.25-2.33-2.11-10.31-4.23-20.61-6.29-30.93-.26-1.31-.92-2.17-2.26-2.92,2.42-.51,4.6-.96,6.82-1.43-.44,3.07.84,5.77,1.44,8.58.84,3.99,1.85,7.94,2.93,11.92.45-1.86.9-3.71,1.34-5.57.97-4.09,1.97-8.17,2.88-12.27.18-.8.03-1.67.03-2.65,2.15.45,4.35.9,6.73,1.4-.39.28-.67.4-.82.61-.44.61-1.06,1.2-1.2,1.89-2.21,10.55-4.36,21.11-6.48,31.68-.11.55-.04,1.23.19,1.74.25.55.18.95-.03,1.44-.89,2.1-1.75,4.21-2.7,6.51h0Z\"><\/path><path class=\"cls-1\" d=\"M14.06,22.62c-2.41-.57-4.57-1.57-6.51-3.02C3.84,16.84,1.3,13.26.26,8.71c-.4-1.73-.39-3.48.37-5.13.27-.6.69-1.14,1.14-1.69.06,1.25.52,2.27,1.55,2.84.94.51,1.99,1.08,3.01,1.12,3.83.13,7.67.05,11.56.05-.21-.62-.42-1.21-.6-1.81-.05-.16-.11-.43-.04-.49,1.03-.86.61-2.13.95-3.18.02-.07.05-.14.13-.33.41.57.73,1.11,1.15,1.56.37.4.81.75,1.27,1.05.39.26.73,1.24.51,1.72-.35.75-.14,1.23.6,1.6.22.11.42.4.47.64.37,1.67.7,3.35,1.06,5.1-.48-.03-.92-.05-1.19-.07.2.43.48.89.63,1.39.2.68.29,1.4.46,2.09.11.44.07,1,.77,1.05.11,0,.27.23.31.38.28,1.16.53,2.33.8,3.54-.35-.02-.62-.04-.83-.05.37,1.67.75,3.33,1.1,4.98.82,3.83,1.59,7.67,2.49,11.48.32,1.37.96,2.66,1.5,3.97.3.73.17,1.25-.53,1.66-.21.12-.33.43-.43.67-.16.39-.26.8-.65,1.35-.2-.28-.35-.6-.6-.82-.3-.26-.66-.49-1.03-.64-.52-.21-1.02-.36-1.03-1.06-.17-6.43-2.21-12.51-3.43-18.75-.11-.56-.3-1.11-.35-1.68-.03-.37.12-.75.22-1.26-2,.08-4.17.09-6.32.28-1.69.15-1.84.54-1.2,2.33h0ZM20.19,16.11c-.21-.94-.38-1.77-.58-2.6-.17-.74-.51-1.52.63-1.74H7.41c.75,2.35,2.89,4.22,5.19,4.32,2.48.11,4.97.03,7.6.03h0Z\"><\/path><\/g><\/g><\/g><\/svg>                                                            <span>ELITEPVPERS<\/span>\r\n                                                        <svg xmlns=\"http:\/\/www.w3.org\/2000\/svg\" width=\"65\" height=\"5\" viewbox=\"0 0 65 5\">\r\n                                <path d=\"M968,5630h65l-4,5H972Z\" transform=\"translate(-968 -5630)\" \/>\r\n                            <\/svg>\r\n                        <\/a>\r\n                    <\/div>\r\n                <\/div>\r\n                            <div class=\"col\">\r\n                    <div class=\"social__item\">\r\n                        <a href=\"#\">\r\n                            <i aria-hidden=\"true\" class=\"fas fa-star\"><\/i>                                                            <span>TRUSTPILOT<\/span>\r\n                                                        <svg xmlns=\"http:\/\/www.w3.org\/2000\/svg\" width=\"65\" height=\"5\" viewbox=\"0 0 65 5\">\r\n                                <path d=\"M968,5630h65l-4,5H972Z\" transform=\"translate(-968 -5630)\" \/>\r\n                            <\/svg>\r\n                        <\/a>\r\n                    <\/div>\r\n                <\/div>\r\n                    <\/div>\r\n\r\n\t\t<\/div>\n\t\t\t\t<\/div>\n\t\t\t\t\t<\/div>\n\t\t\t\t<\/div>\n\t\t\t\t<\/div>\n\t\t\t\t<\/div>","protected":false},"excerpt":{"rendered":"<p>Erhalten Sie Ihre Antwort Alles \u00fcber den Kauf von Yangs 1 Wie kauft man Wons auf Metin2? Der Kauf von Yangs auf Metin2 ist sehr einfach, man muss nur einen Won-Verk\u00e4ufer kontaktieren und ihn um den Kauf bitten. Bei Metin2-Won.com verkaufen wir die besten Yangs zu den besten Preisen, um Ihnen einen tadellosen Service zu [&hellip;]<\/p>","protected":false},"author":1,"featured_media":0,"parent":0,"menu_order":0,"comment_status":"closed","ping_status":"closed","template":"","meta":{"_acf_changed":false,"footnotes":""},"class_list":["post-3159","page","type-page","status-publish","hentry"],"acf":[],"_links":{"self":[{"href":"https:\/\/metin2-won.com\/ro\/wp-json\/wp\/v2\/pages\/3159","targetHints":{"allow":["GET"]}}],"collection":[{"href":"https:\/\/metin2-won.com\/ro\/wp-json\/wp\/v2\/pages"}],"about":[{"href":"https:\/\/metin2-won.com\/ro\/wp-json\/wp\/v2\/types\/page"}],"author":[{"embeddable":true,"href":"https:\/\/metin2-won.com\/ro\/wp-json\/wp\/v2\/users\/1"}],"replies":[{"embeddable":true,"href":"https:\/\/metin2-won.com\/ro\/wp-json\/wp\/v2\/comments?post=3159"}],"version-history":[{"count":14,"href":"https:\/\/metin2-won.com\/ro\/wp-json\/wp\/v2\/pages\/3159\/revisions"}],"predecessor-version":[{"id":3571,"href":"https:\/\/metin2-won.com\/ro\/wp-json\/wp\/v2\/pages\/3159\/revisions\/3571"}],"wp:attachment":[{"href":"https:\/\/metin2-won.com\/ro\/wp-json\/wp\/v2\/media?parent=3159"}],"curies":[{"name":"wp","href":"https:\/\/api.w.org\/{rel}","templated":true}]}}