{"id":3508,"date":"2024-10-30T15:17:07","date_gmt":"2024-10-30T15:17:07","guid":{"rendered":"https:\/\/metin2-won.com\/?page_id=3508"},"modified":"2024-11-11T18:16:43","modified_gmt":"2024-11-11T18:16:43","slug":"conti-metin2","status":"publish","type":"page","link":"https:\/\/metin2-won.com\/it\/conti-metin2\/","title":{"rendered":"Acquistare conti Metin2 in modo economico e sicuro"},"content":{"rendered":"<div data-elementor-type=\"wp-page\" data-elementor-id=\"3508\" class=\"elementor elementor-3508\" data-elementor-post-type=\"page\">\n\t\t\t\t<div class=\"elementor-element elementor-element-2581158 e-flex e-con-boxed e-con e-parent\" data-id=\"2581158\" data-element_type=\"container\">\n\t\t\t\t\t<div class=\"e-con-inner\">\n\t\t<div class=\"elementor-element elementor-element-b973e21 e-con-full e-flex e-con e-child\" data-id=\"b973e21\" data-element_type=\"container\">\n\t\t<div class=\"elementor-element elementor-element-6c2d19e e-con-full e-flex e-con e-child\" data-id=\"6c2d19e\" data-element_type=\"container\">\n\t\t<div class=\"elementor-element elementor-element-a47b28e e-con-full e-flex e-con e-child\" data-id=\"a47b28e\" data-element_type=\"container\">\n\t\t\t\t<div class=\"elementor-element elementor-element-3f96e9e elementor-widget elementor-widget-image\" data-id=\"3f96e9e\" data-element_type=\"widget\" data-widget_type=\"image.default\">\n\t\t\t\t<div class=\"elementor-widget-container\">\n\t\t\t\t\t\t\t\t\t\t\t\t\t<img decoding=\"async\" width=\"130\" height=\"160\" src=\"https:\/\/metin2-won.com\/wp-content\/uploads\/2023\/10\/fire.png\" class=\"attachment-full size-full wp-image-234\" alt=\"\" \/>\t\t\t\t\t\t\t\t\t\t\t\t\t<\/div>\n\t\t\t\t<\/div>\n\t\t\t\t<\/div>\n\t\t<div class=\"elementor-element elementor-element-4285e9b e-con-full e-flex e-con e-child\" data-id=\"4285e9b\" data-element_type=\"container\">\n\t\t\t\t<div class=\"elementor-element elementor-element-ddc0ab4 elementor-widget elementor-widget-html\" data-id=\"ddc0ab4\" data-element_type=\"widget\" data-widget_type=\"html.default\">\n\t\t\t\t<div class=\"elementor-widget-container\">\n\t\t\t<div class=\"trendingNft__nav\">\r\n<button class=\"slider-button-prev\"><i class=\"fas fa-angle-left\"><\/i><\/button>\r\n<button class=\"slider-button-next\"><i class=\"fas fa-angle-right\"><\/i><\/button>\r\n<\/div>\t\t<\/div>\n\t\t\t\t<\/div>\n\t\t\t\t<\/div>\n\t\t\t\t<\/div>\n\t\t\t\t<\/div>\n\t\t<div class=\"elementor-element elementor-element-29c8316 e-con-full e-flex e-con e-child\" data-id=\"29c8316\" data-element_type=\"container\">\n\t\t\t\t<div class=\"elementor-element elementor-element-6346c72 elementor-widget elementor-widget-tg-nft\" data-id=\"6346c72\" data-element_type=\"widget\" data-widget_type=\"tg-nft.default\">\n\t\t\t\t<div class=\"elementor-widget-container\">\n\t\t\t\r\n\r\n                    <script>\r\n                jQuery(document).ready(function($) {\r\n\r\n                    \/*=============================================\r\n                        =        Trending Active\t\t      =\r\n                    =============================================*\/\r\n                    var trendSwiper = new Swiper('.trendingNft-active', {\r\n                        \/\/ Optional parameters\r\n                        observer: true,\r\n                        observeParents: true,\r\n                        loop: true,\r\n                        slidesPerView: 3,\r\n                        spaceBetween: 30,\r\n                        breakpoints: {\r\n                            '1500': {\r\n                                slidesPerView: 3,\r\n                            },\r\n                            '1200': {\r\n                                slidesPerView: 3,\r\n                            },\r\n                            '992': {\r\n                                slidesPerView: 2,\r\n                            },\r\n                            '768': {\r\n                                slidesPerView: 2,\r\n                            },\r\n                            '576': {\r\n                                slidesPerView: 1,\r\n                            },\r\n                            '0': {\r\n                                slidesPerView: 1,\r\n                            },\r\n                        },\r\n                        \/\/ Navigation arrows\r\n                        navigation: {\r\n                            nextEl: \".slider-button-next\",\r\n                            prevEl: \".slider-button-prev\",\r\n                        },\r\n                    });\r\n\r\n                });\r\n            <\/script>\r\n\r\n            <div class=\"swiper-container trendingNft-active\">\r\n                <div class=\"swiper-wrapper\">\r\n                                            <div class=\"swiper-slide\">\r\n                            <div class=\"trendingNft__item\">\r\n                                <div class=\"trendingNft__item-top\">\r\n                                    <div class=\"trendingNft__item-avatar\">\r\n                                                                                    <div class=\"image\">\r\n                                                <a href=\"\" target=\"_blank\">\r\n                                                    <img decoding=\"async\" src=\"http:\/\/metin2-won.com\/wp-content\/uploads\/2024\/01\/Clock-1.png\" alt=\"NFT Author\">\r\n                                                <\/a>\r\n                                            <\/div>\r\n                                                                                <div class=\"info\">\r\n                                            <h6 class=\"name\">SERVER RUMENO<\/h6>\r\n                                            <a href=\"\" class=\"userName\" target=\"_blank\">5 MINUTI DI CONSEGNA<\/a>\r\n                                        <\/div>\r\n                                    <\/div>\r\n                                    <div class=\"trendingNft__item-wish\">\r\n                                        <a href=\"#contact\" target=\"_blank\">\r\n                                            <i class=\"far fa-heart\"><\/i>\r\n                                        <\/a>\r\n                                    <\/div>\r\n                                <\/div>\r\n                                                                    <div class=\"trendingNft__item-image\">\r\n                                        <a href=\"#contact\" target=\"_blank\">\r\n                                            <img decoding=\"async\" src=\"http:\/\/metin2-won.com\/wp-content\/uploads\/2024\/01\/Romania.png\" alt=\"NFT Image\">\r\n                                        <\/a>\r\n                                    <\/div>\r\n                                                                <div class=\"trendingNft__item-bottom\">\r\n                                    <div class=\"trendingNft__item-price\">\r\n                                                                                    <span class=\"bid\">PREZZO PER ID<\/span>\r\n                                                                                <h6 class=\"eth\"><i class=\"fab fa-ethereum\"><\/i> CHIEDERE <span><\/span><\/h6>\r\n                                    <\/div>\r\n                                    <a href=\"#contact\" class=\"bid-btn\" target=\"_blank\">ACQUISTO <i class=\"fas fa-long-arrow-alt-right\"><\/i><\/a>\r\n                                <\/div>\r\n                            <\/div>\r\n                        <\/div>\r\n                                            <div class=\"swiper-slide\">\r\n                            <div class=\"trendingNft__item\">\r\n                                <div class=\"trendingNft__item-top\">\r\n                                    <div class=\"trendingNft__item-avatar\">\r\n                                                                                    <div class=\"image\">\r\n                                                <a href=\"\" target=\"_blank\">\r\n                                                    <img decoding=\"async\" src=\"http:\/\/metin2-won.com\/wp-content\/uploads\/2024\/01\/Clock-1.png\" alt=\"NFT Author\">\r\n                                                <\/a>\r\n                                            <\/div>\r\n                                                                                <div class=\"info\">\r\n                                            <h6 class=\"name\">SERVER TURCO<\/h6>\r\n                                            <a href=\"\" class=\"userName\" target=\"_blank\">5 MINUTI DI CONSEGNA<\/a>\r\n                                        <\/div>\r\n                                    <\/div>\r\n                                    <div class=\"trendingNft__item-wish\">\r\n                                        <a href=\"#contact\" target=\"_blank\">\r\n                                            <i class=\"far fa-heart\"><\/i>\r\n                                        <\/a>\r\n                                    <\/div>\r\n                                <\/div>\r\n                                                                    <div class=\"trendingNft__item-image\">\r\n                                        <a href=\"#contact\" target=\"_blank\">\r\n                                            <img decoding=\"async\" src=\"http:\/\/metin2-won.com\/wp-content\/uploads\/2024\/01\/Turkish.png\" alt=\"NFT Image\">\r\n                                        <\/a>\r\n                                    <\/div>\r\n                                                                <div class=\"trendingNft__item-bottom\">\r\n                                    <div class=\"trendingNft__item-price\">\r\n                                                                                    <span class=\"bid\">PREZZO PER ID<\/span>\r\n                                                                                <h6 class=\"eth\"><i class=\"fab fa-ethereum\"><\/i> CHIEDERE <span><\/span><\/h6>\r\n                                    <\/div>\r\n                                    <a href=\"#contact\" class=\"bid-btn\" target=\"_blank\">ACQUISTO <i class=\"fas fa-long-arrow-alt-right\"><\/i><\/a>\r\n                                <\/div>\r\n                            <\/div>\r\n                        <\/div>\r\n                                            <div class=\"swiper-slide\">\r\n                            <div class=\"trendingNft__item\">\r\n                                <div class=\"trendingNft__item-top\">\r\n                                    <div class=\"trendingNft__item-avatar\">\r\n                                                                                    <div class=\"image\">\r\n                                                <a href=\"\" target=\"_blank\">\r\n                                                    <img decoding=\"async\" src=\"http:\/\/metin2-won.com\/wp-content\/uploads\/2024\/01\/Clock-1.png\" alt=\"NFT Author\">\r\n                                                <\/a>\r\n                                            <\/div>\r\n                                                                                <div class=\"info\">\r\n                                            <h6 class=\"name\">SERVER TEDESCO<\/h6>\r\n                                            <a href=\"\" class=\"userName\" target=\"_blank\">5 MINUTI DI CONSEGNA<\/a>\r\n                                        <\/div>\r\n                                    <\/div>\r\n                                    <div class=\"trendingNft__item-wish\">\r\n                                        <a href=\"#contact\" target=\"_blank\">\r\n                                            <i class=\"far fa-heart\"><\/i>\r\n                                        <\/a>\r\n                                    <\/div>\r\n                                <\/div>\r\n                                                                    <div class=\"trendingNft__item-image\">\r\n                                        <a href=\"#contact\" target=\"_blank\">\r\n                                            <img decoding=\"async\" src=\"http:\/\/metin2-won.com\/wp-content\/uploads\/2024\/01\/German.png\" alt=\"NFT Image\">\r\n                                        <\/a>\r\n                                    <\/div>\r\n                                                                <div class=\"trendingNft__item-bottom\">\r\n                                    <div class=\"trendingNft__item-price\">\r\n                                                                                    <span class=\"bid\">PREZZO PER ID<\/span>\r\n                                                                                <h6 class=\"eth\"><i class=\"fab fa-ethereum\"><\/i> CHIEDERE <span><\/span><\/h6>\r\n                                    <\/div>\r\n                                    <a href=\"#contact\" class=\"bid-btn\" target=\"_blank\">ACQUISTO <i class=\"fas fa-long-arrow-alt-right\"><\/i><\/a>\r\n                                <\/div>\r\n                            <\/div>\r\n                        <\/div>\r\n                                    <\/div>\r\n            <\/div>\r\n\r\n        \r\n\t\t<\/div>\n\t\t\t\t<\/div>\n\t\t\t\t<\/div>\n\t\t\t\t\t<\/div>\n\t\t\t\t<\/div>\n\t\t<div class=\"elementor-element elementor-element-8d580f1 e-flex e-con-boxed e-con e-parent\" data-id=\"8d580f1\" data-element_type=\"container\">\n\t\t\t\t\t<div class=\"e-con-inner\">\n\t\t\t\t<div class=\"elementor-element elementor-element-622b6b1 elementor-widget elementor-widget-text-editor\" data-id=\"622b6b1\" data-element_type=\"widget\" data-widget_type=\"text-editor.default\">\n\t\t\t\t<div class=\"elementor-widget-container\">\n\t\t\t\t\t\t\t<p><span style=\"color: #edf2f7;\"><span style=\"font-weight: 400;\">Siete alla ricerca di un account Metin2 di alto livello con un personaggio potente e un equipaggiamento forte? Qui troverete un'ampia selezione di account Metin2 per la <\/span><b>Tedesco<\/b><span style=\"font-weight: 400;\">, <\/span><b>Turco<\/b><span style=\"font-weight: 400;\"> e <\/span><b>Server rumeno<\/b><span style=\"font-weight: 400;\"> - tutto testato, sicuro e poco costoso! Acquista subito il tuo nuovo account Metin2 e inizia subito a giocare senza dover passare ore a livellare e macinare.<\/span><\/span><\/p><h2><span style=\"color: #edf2f7;\"><b>Perch\u00e9 acquistare un conto Metin2 con noi?<\/b><\/span><\/h2><p><span style=\"font-weight: 400; color: #edf2f7;\">Acquistare un conto Metin2 su Metin2-Won.com \u00e8 sicuro, trasparente e privo di rischi. A differenza dell'acquisto da un venditore privato, che comporta il rischio di chargeback, in qualit\u00e0 di fornitore affidabile offriamo un'elaborazione affidabile e misure di sicurezza complete. I nostri account provengono esclusivamente da proprietari esordienti e sono stati aggiornati senza bot o trucchi.<\/span><\/p><h2><span style=\"color: #edf2f7;\"><b>Vantaggi su Metin2-Won.com:<\/b><\/span><\/h2><ul><li style=\"font-weight: 400;\" aria-level=\"1\"><span style=\"color: #edf2f7;\"><b>Conti verificati<\/b><span style=\"font-weight: 400;\"> Direttamente dal primo proprietario<\/span><\/span><\/li><li style=\"font-weight: 400;\" aria-level=\"1\"><span style=\"color: #edf2f7;\"><b>Nessun rischio di chargeback<\/b><span style=\"font-weight: 400;\"> o innumerevoli proprietari precedenti<\/span><\/span><\/li><li style=\"font-weight: 400;\" aria-level=\"1\"><span style=\"color: #edf2f7;\"><b>Informazioni trasparenti<\/b><span style=\"font-weight: 400;\"> al livello, alla classe, alle statistiche e all'equipaggiamento.<\/span><\/span><\/li><li style=\"font-weight: 400;\" aria-level=\"1\"><span style=\"color: #edf2f7;\"><b>Accesso sicuro<\/b><span style=\"font-weight: 400;\"> trasferendo l'indirizzo e-mail attuale<\/span><\/span><\/li><\/ul><h2><span style=\"color: #edf2f7;\"><b>Cosa si ottiene acquistando un account Metin2?<\/b><\/span><\/h2><p><span style=\"font-weight: 400; color: #edf2f7;\">Se decidete di creare un account con noi, non solo riceverete un personaggio completamente livellato, ma anche un elenco dettagliato di tutte le caratteristiche e dell'equipaggiamento. Tutti gli account Metin2 con noi vengono forniti con i seguenti contenuti:<\/span><\/p><ul><li style=\"font-weight: 400;\" aria-level=\"1\"><span style=\"color: #edf2f7;\"><b>Conto Metin2 attivo<\/b><span style=\"font-weight: 400;\"> sul server ufficiale di Gameforge (server tedesco, turco o rumeno)<\/span><\/span><\/li><li style=\"font-weight: 400;\" aria-level=\"1\"><span style=\"color: #edf2f7;\"><b>Classe e livello del personaggio<\/b><span style=\"font-weight: 400;\"> secondo la descrizione dell'articolo<\/span><\/span><\/li><li style=\"font-weight: 400;\" aria-level=\"1\"><span style=\"color: #edf2f7;\"><b>Statistiche e abilit\u00e0 complete<\/b><span style=\"font-weight: 400;\">che corrisponde al carattere<\/span><\/span><\/li><li style=\"font-weight: 400;\" aria-level=\"1\"><span style=\"color: #edf2f7;\"><b>Parti dell'attrezzatura<\/b><span style=\"font-weight: 400;\"> come armi, armature e gioielli come descritto<\/span><\/span><\/li><li style=\"font-weight: 400;\" aria-level=\"1\"><span style=\"color: #edf2f7;\"><b>Indirizzo e-mail attuale<\/b><span style=\"font-weight: 400;\">per un accesso completo e sicuro<\/span><\/span><\/li><\/ul><h2><span style=\"color: #edf2f7;\"><b>Come funziona l'acquisto su Metin2-Won.com?<\/b><\/span><\/h2><ol><li style=\"font-weight: 400;\" aria-level=\"1\"><span style=\"color: #edf2f7;\"><b>Selezionare il conto:<\/b><span style=\"font-weight: 400;\"> Selezionare l'account appropriato in base alla regione del server (Germania, Turchia o Romania) e alla descrizione del carattere.<\/span><\/span><\/li><li style=\"font-weight: 400;\" aria-level=\"1\"><span style=\"color: #edf2f7;\"><b>Controlla i dettagli:<\/b><span style=\"font-weight: 400;\"> Leggete la descrizione dettagliata di classe, livello, statistiche ed equipaggiamento per assicurarvi che l'account soddisfi le vostre esigenze.<\/span><\/span><\/li><\/ol><p><span style=\"color: #edf2f7;\"><b>Acquisto sicuro:<\/b><span style=\"font-weight: 400;\"> Dopo aver completato l'acquisto, riceverete l'accesso immediato e tutte le informazioni necessarie per utilizzare il vostro nuovo account.<\/span><\/span><\/p><h2><span style=\"color: #edf2f7;\"><b>Domande frequenti (FAQ)<\/b><\/span><\/h2>\t\t\t\t\t\t<\/div>\n\t\t\t\t<\/div>\n\t\t\t\t<div class=\"elementor-element elementor-element-c8ba48a elementor-widget elementor-widget-genix-faq\" data-id=\"c8ba48a\" data-element_type=\"widget\" data-widget_type=\"genix-faq.default\">\n\t\t\t\t<div class=\"elementor-widget-container\">\n\t\t\t\r\n        <div class=\"faq__wrapper\">\r\n            <div class=\"accordion\" id=\"accordionExample\">\r\n                                    <div class=\"accordion-item\">\r\n                        <h2 class=\"accordion-header\" id=\"headingOne-0\">\r\n                            <button class=\"accordion-button\" type=\"button\" data-bs-toggle=\"collapse\" data-bs-target=\"#collapseOne-0\" aria-expanded=\"true\" aria-controls=\"collapseOne-0\">\r\n                                <span class=\"count\">1<\/span> Offrite anche account con personaggi appositamente potenziati?                            <\/button>\r\n                        <\/h2>\r\n                        <div id=\"collapseOne-0\" class=\"accordion-collapse collapse show\" aria-labelledby=\"headingOne-0\" data-bs-parent=\"#accordionExample\">\r\n                            <div class=\"accordion-body\">\r\n                                Al momento non disponiamo di un servizio personalizzato in cui effettuiamo livelli su richiesta. Tuttavia, siete invitati a utilizzare la nostra LiveChat per chiedere informazioni su conti speciali: aggiorniamo regolarmente la nostra offerta e siamo lieti di aiutarvi.\n                            <\/div>\r\n                        <\/div>\r\n                    <\/div>\r\n                                    <div class=\"accordion-item\">\r\n                        <h2 class=\"accordion-header\" id=\"headingOne-1\">\r\n                            <button class=\"accordion-button collapsed\" type=\"button\" data-bs-toggle=\"collapse\" data-bs-target=\"#collapseOne-1\" aria-expanded=\"false\" aria-controls=\"collapseOne-1\">\r\n                                <span class=\"count\">2<\/span> I conti sono davvero sicuri?                            <\/button>\r\n                        <\/h2>\r\n                        <div id=\"collapseOne-1\" class=\"accordion-collapse collapse\" aria-labelledby=\"headingOne-1\" data-bs-parent=\"#accordionExample\">\r\n                            <div class=\"accordion-body\">\r\n                                S\u00ec, tutti gli account sono di prima mano e sono stati caricati senza mezzi non autorizzati come i bot. Garantiamo l'accesso completo ed esclusivo a tutti gli account.\n                            <\/div>\r\n                        <\/div>\r\n                    <\/div>\r\n                                    <div class=\"accordion-item\">\r\n                        <h2 class=\"accordion-header\" id=\"headingOne-2\">\r\n                            <button class=\"accordion-button collapsed\" type=\"button\" data-bs-toggle=\"collapse\" data-bs-target=\"#collapseOne-2\" aria-expanded=\"false\" aria-controls=\"collapseOne-2\">\r\n                                <span class=\"count\">3<\/span> Per quali regioni del server sono disponibili gli account?                            <\/button>\r\n                        <\/h2>\r\n                        <div id=\"collapseOne-2\" class=\"accordion-collapse collapse\" aria-labelledby=\"headingOne-2\" data-bs-parent=\"#accordionExample\">\r\n                            <div class=\"accordion-body\">\r\n                                Attualmente offriamo account per i server Metin2 tedeschi, turchi e rumeni. \u00c8 sufficiente selezionare la propria regione al momento della scelta dell'account.                            <\/div>\r\n                        <\/div>\r\n                    <\/div>\r\n                            <\/div>\r\n        <\/div>\r\n\t\t<\/div>\n\t\t\t\t<\/div>\n\t\t\t\t<div class=\"elementor-element elementor-element-aca15d4 elementor-widget elementor-widget-text-editor\" data-id=\"aca15d4\" data-element_type=\"widget\" data-widget_type=\"text-editor.default\">\n\t\t\t\t<div class=\"elementor-widget-container\">\n\t\t\t\t\t\t\t<h3><span style=\"color: #edf2f7;\"><b>Contattateci<\/b><\/span><\/h3><p><span style=\"font-weight: 400; color: #edf2f7;\">La nostra LiveChat \u00e8 disponibile ogni giorno per rispondere alle vostre domande sull'acquisto e sul servizio. Potete anche iscrivervi alla nostra lista di interessati per essere informati sui nuovi conti. Il vostro percorso sicuro e semplice verso un conto Metin2 di alta qualit\u00e0 inizia qui su Metin2-Won.com!<\/span><\/p>\t\t\t\t\t\t<\/div>\n\t\t\t\t<\/div>\n\t\t\t\t\t<\/div>\n\t\t\t\t<\/div>\n\t\t\t\t<\/div>","protected":false},"excerpt":{"rendered":"<p>ROMANIAN SERVER 5 MINUTEN LIEFERZEIT PREIS PRO ID ASK KAUFEN TURKISH SERVER 5 MINUTEN LIEFERZEIT PREIS PRO ID ASK KAUFEN GERMAN SERVER 5 MINUTEN LIEFERZEIT PREIS PRO ID ASK KAUFEN Du suchst nach einem hochgelevelten Metin2 Account mit m\u00e4chtigem Charakter und starkem Equipment? Bei uns findest du eine gro\u00dfe Auswahl an Metin2 Accounts f\u00fcr die [&hellip;]<\/p>","protected":false},"author":1,"featured_media":0,"parent":0,"menu_order":0,"comment_status":"closed","ping_status":"closed","template":"","meta":{"_acf_changed":false,"footnotes":""},"class_list":["post-3508","page","type-page","status-publish","hentry"],"acf":[],"_links":{"self":[{"href":"https:\/\/metin2-won.com\/it\/wp-json\/wp\/v2\/pages\/3508","targetHints":{"allow":["GET"]}}],"collection":[{"href":"https:\/\/metin2-won.com\/it\/wp-json\/wp\/v2\/pages"}],"about":[{"href":"https:\/\/metin2-won.com\/it\/wp-json\/wp\/v2\/types\/page"}],"author":[{"embeddable":true,"href":"https:\/\/metin2-won.com\/it\/wp-json\/wp\/v2\/users\/1"}],"replies":[{"embeddable":true,"href":"https:\/\/metin2-won.com\/it\/wp-json\/wp\/v2\/comments?post=3508"}],"version-history":[{"count":11,"href":"https:\/\/metin2-won.com\/it\/wp-json\/wp\/v2\/pages\/3508\/revisions"}],"predecessor-version":[{"id":3581,"href":"https:\/\/metin2-won.com\/it\/wp-json\/wp\/v2\/pages\/3508\/revisions\/3581"}],"wp:attachment":[{"href":"https:\/\/metin2-won.com\/it\/wp-json\/wp\/v2\/media?parent=3508"}],"curies":[{"name":"wp","href":"https:\/\/api.w.org\/{rel}","templated":true}]}}