{"id":3508,"date":"2024-10-30T15:17:07","date_gmt":"2024-10-30T15:17:07","guid":{"rendered":"https:\/\/metin2-won.com\/?page_id=3508"},"modified":"2024-11-11T18:16:43","modified_gmt":"2024-11-11T18:16:43","slug":"metin2-szamlak","status":"publish","type":"page","link":"https:\/\/metin2-won.com\/hu\/metin2-szamlak\/","title":{"rendered":"V\u00e1s\u00e1roljon Metin2 sz\u00e1ml\u00e1kat olcs\u00f3n \u00e9s biztons\u00e1gosan"},"content":{"rendered":"<div data-elementor-type=\"wp-page\" data-elementor-id=\"3508\" class=\"elementor elementor-3508\" data-elementor-post-type=\"page\">\n\t\t\t\t<div class=\"elementor-element elementor-element-2581158 e-flex e-con-boxed e-con e-parent\" data-id=\"2581158\" data-element_type=\"container\">\n\t\t\t\t\t<div class=\"e-con-inner\">\n\t\t<div class=\"elementor-element elementor-element-b973e21 e-con-full e-flex e-con e-child\" data-id=\"b973e21\" data-element_type=\"container\">\n\t\t<div class=\"elementor-element elementor-element-6c2d19e e-con-full e-flex e-con e-child\" data-id=\"6c2d19e\" data-element_type=\"container\">\n\t\t<div class=\"elementor-element elementor-element-a47b28e e-con-full e-flex e-con e-child\" data-id=\"a47b28e\" data-element_type=\"container\">\n\t\t\t\t<div class=\"elementor-element elementor-element-3f96e9e elementor-widget elementor-widget-image\" data-id=\"3f96e9e\" data-element_type=\"widget\" data-widget_type=\"image.default\">\n\t\t\t\t<div class=\"elementor-widget-container\">\n\t\t\t\t\t\t\t\t\t\t\t\t\t<img decoding=\"async\" width=\"130\" height=\"160\" src=\"https:\/\/metin2-won.com\/wp-content\/uploads\/2023\/10\/fire.png\" class=\"attachment-full size-full wp-image-234\" alt=\"\" \/>\t\t\t\t\t\t\t\t\t\t\t\t\t<\/div>\n\t\t\t\t<\/div>\n\t\t\t\t<\/div>\n\t\t<div class=\"elementor-element elementor-element-4285e9b e-con-full e-flex e-con e-child\" data-id=\"4285e9b\" data-element_type=\"container\">\n\t\t\t\t<div class=\"elementor-element elementor-element-ddc0ab4 elementor-widget elementor-widget-html\" data-id=\"ddc0ab4\" data-element_type=\"widget\" data-widget_type=\"html.default\">\n\t\t\t\t<div class=\"elementor-widget-container\">\n\t\t\t<div class=\"trendingNft__nav\">\r\n<button class=\"slider-button-prev\"><i class=\"fas fa-angle-left\"><\/i><\/button>\r\n<button class=\"slider-button-next\"><i class=\"fas fa-angle-right\"><\/i><\/button>\r\n<\/div>\t\t<\/div>\n\t\t\t\t<\/div>\n\t\t\t\t<\/div>\n\t\t\t\t<\/div>\n\t\t\t\t<\/div>\n\t\t<div class=\"elementor-element elementor-element-29c8316 e-con-full e-flex e-con e-child\" data-id=\"29c8316\" data-element_type=\"container\">\n\t\t\t\t<div class=\"elementor-element elementor-element-6346c72 elementor-widget elementor-widget-tg-nft\" data-id=\"6346c72\" data-element_type=\"widget\" data-widget_type=\"tg-nft.default\">\n\t\t\t\t<div class=\"elementor-widget-container\">\n\t\t\t\r\n\r\n                    <script>\r\n                jQuery(document).ready(function($) {\r\n\r\n                    \/*=============================================\r\n                        =        Trending Active\t\t      =\r\n                    =============================================*\/\r\n                    var trendSwiper = new Swiper('.trendingNft-active', {\r\n                        \/\/ Optional parameters\r\n                        observer: true,\r\n                        observeParents: true,\r\n                        loop: true,\r\n                        slidesPerView: 3,\r\n                        spaceBetween: 30,\r\n                        breakpoints: {\r\n                            '1500': {\r\n                                slidesPerView: 3,\r\n                            },\r\n                            '1200': {\r\n                                slidesPerView: 3,\r\n                            },\r\n                            '992': {\r\n                                slidesPerView: 2,\r\n                            },\r\n                            '768': {\r\n                                slidesPerView: 2,\r\n                            },\r\n                            '576': {\r\n                                slidesPerView: 1,\r\n                            },\r\n                            '0': {\r\n                                slidesPerView: 1,\r\n                            },\r\n                        },\r\n                        \/\/ Navigation arrows\r\n                        navigation: {\r\n                            nextEl: \".slider-button-next\",\r\n                            prevEl: \".slider-button-prev\",\r\n                        },\r\n                    });\r\n\r\n                });\r\n            <\/script>\r\n\r\n            <div class=\"swiper-container trendingNft-active\">\r\n                <div class=\"swiper-wrapper\">\r\n                                            <div class=\"swiper-slide\">\r\n                            <div class=\"trendingNft__item\">\r\n                                <div class=\"trendingNft__item-top\">\r\n                                    <div class=\"trendingNft__item-avatar\">\r\n                                                                                    <div class=\"image\">\r\n                                                <a href=\"\" target=\"_blank\">\r\n                                                    <img decoding=\"async\" src=\"http:\/\/metin2-won.com\/wp-content\/uploads\/2024\/01\/Clock-1.png\" alt=\"NFT Author\">\r\n                                                <\/a>\r\n                                            <\/div>\r\n                                                                                <div class=\"info\">\r\n                                            <h6 class=\"name\">ROM\u00c1N SZERVER<\/h6>\r\n                                            <a href=\"\" class=\"userName\" target=\"_blank\">5 PERC SZ\u00c1LL\u00cdT\u00c1SI ID\u0150<\/a>\r\n                                        <\/div>\r\n                                    <\/div>\r\n                                    <div class=\"trendingNft__item-wish\">\r\n                                        <a href=\"#contact\" target=\"_blank\">\r\n                                            <i class=\"far fa-heart\"><\/i>\r\n                                        <\/a>\r\n                                    <\/div>\r\n                                <\/div>\r\n                                                                    <div class=\"trendingNft__item-image\">\r\n                                        <a href=\"#contact\" target=\"_blank\">\r\n                                            <img decoding=\"async\" src=\"http:\/\/metin2-won.com\/wp-content\/uploads\/2024\/01\/Romania.png\" alt=\"NFT Image\">\r\n                                        <\/a>\r\n                                    <\/div>\r\n                                                                <div class=\"trendingNft__item-bottom\">\r\n                                    <div class=\"trendingNft__item-price\">\r\n                                                                                    <span class=\"bid\">\u00c1RA ID-NK\u00c9NT<\/span>\r\n                                                                                <h6 class=\"eth\"><i class=\"fab fa-ethereum\"><\/i> ASK <span><\/span><\/h6>\r\n                                    <\/div>\r\n                                    <a href=\"#contact\" class=\"bid-btn\" target=\"_blank\">V\u00c1S\u00c1RL\u00c1S <i class=\"fas fa-long-arrow-alt-right\"><\/i><\/a>\r\n                                <\/div>\r\n                            <\/div>\r\n                        <\/div>\r\n                                            <div class=\"swiper-slide\">\r\n                            <div class=\"trendingNft__item\">\r\n                                <div class=\"trendingNft__item-top\">\r\n                                    <div class=\"trendingNft__item-avatar\">\r\n                                                                                    <div class=\"image\">\r\n                                                <a href=\"\" target=\"_blank\">\r\n                                                    <img decoding=\"async\" src=\"http:\/\/metin2-won.com\/wp-content\/uploads\/2024\/01\/Clock-1.png\" alt=\"NFT Author\">\r\n                                                <\/a>\r\n                                            <\/div>\r\n                                                                                <div class=\"info\">\r\n                                            <h6 class=\"name\">TURKISH SERVER<\/h6>\r\n                                            <a href=\"\" class=\"userName\" target=\"_blank\">5 PERC SZ\u00c1LL\u00cdT\u00c1SI ID\u0150<\/a>\r\n                                        <\/div>\r\n                                    <\/div>\r\n                                    <div class=\"trendingNft__item-wish\">\r\n                                        <a href=\"#contact\" target=\"_blank\">\r\n                                            <i class=\"far fa-heart\"><\/i>\r\n                                        <\/a>\r\n                                    <\/div>\r\n                                <\/div>\r\n                                                                    <div class=\"trendingNft__item-image\">\r\n                                        <a href=\"#contact\" target=\"_blank\">\r\n                                            <img decoding=\"async\" src=\"http:\/\/metin2-won.com\/wp-content\/uploads\/2024\/01\/Turkish.png\" alt=\"NFT Image\">\r\n                                        <\/a>\r\n                                    <\/div>\r\n                                                                <div class=\"trendingNft__item-bottom\">\r\n                                    <div class=\"trendingNft__item-price\">\r\n                                                                                    <span class=\"bid\">\u00c1RA ID-NK\u00c9NT<\/span>\r\n                                                                                <h6 class=\"eth\"><i class=\"fab fa-ethereum\"><\/i> ASK <span><\/span><\/h6>\r\n                                    <\/div>\r\n                                    <a href=\"#contact\" class=\"bid-btn\" target=\"_blank\">V\u00c1S\u00c1RL\u00c1S <i class=\"fas fa-long-arrow-alt-right\"><\/i><\/a>\r\n                                <\/div>\r\n                            <\/div>\r\n                        <\/div>\r\n                                            <div class=\"swiper-slide\">\r\n                            <div class=\"trendingNft__item\">\r\n                                <div class=\"trendingNft__item-top\">\r\n                                    <div class=\"trendingNft__item-avatar\">\r\n                                                                                    <div class=\"image\">\r\n                                                <a href=\"\" target=\"_blank\">\r\n                                                    <img decoding=\"async\" src=\"http:\/\/metin2-won.com\/wp-content\/uploads\/2024\/01\/Clock-1.png\" alt=\"NFT Author\">\r\n                                                <\/a>\r\n                                            <\/div>\r\n                                                                                <div class=\"info\">\r\n                                            <h6 class=\"name\">N\u00c9MET SZERVER<\/h6>\r\n                                            <a href=\"\" class=\"userName\" target=\"_blank\">5 PERC SZ\u00c1LL\u00cdT\u00c1SI ID\u0150<\/a>\r\n                                        <\/div>\r\n                                    <\/div>\r\n                                    <div class=\"trendingNft__item-wish\">\r\n                                        <a href=\"#contact\" target=\"_blank\">\r\n                                            <i class=\"far fa-heart\"><\/i>\r\n                                        <\/a>\r\n                                    <\/div>\r\n                                <\/div>\r\n                                                                    <div class=\"trendingNft__item-image\">\r\n                                        <a href=\"#contact\" target=\"_blank\">\r\n                                            <img decoding=\"async\" src=\"http:\/\/metin2-won.com\/wp-content\/uploads\/2024\/01\/German.png\" alt=\"NFT Image\">\r\n                                        <\/a>\r\n                                    <\/div>\r\n                                                                <div class=\"trendingNft__item-bottom\">\r\n                                    <div class=\"trendingNft__item-price\">\r\n                                                                                    <span class=\"bid\">\u00c1RA ID-NK\u00c9NT<\/span>\r\n                                                                                <h6 class=\"eth\"><i class=\"fab fa-ethereum\"><\/i> ASK <span><\/span><\/h6>\r\n                                    <\/div>\r\n                                    <a href=\"#contact\" class=\"bid-btn\" target=\"_blank\">V\u00c1S\u00c1RL\u00c1S <i class=\"fas fa-long-arrow-alt-right\"><\/i><\/a>\r\n                                <\/div>\r\n                            <\/div>\r\n                        <\/div>\r\n                                    <\/div>\r\n            <\/div>\r\n\r\n        \r\n\t\t<\/div>\n\t\t\t\t<\/div>\n\t\t\t\t<\/div>\n\t\t\t\t\t<\/div>\n\t\t\t\t<\/div>\n\t\t<div class=\"elementor-element elementor-element-8d580f1 e-flex e-con-boxed e-con e-parent\" data-id=\"8d580f1\" data-element_type=\"container\">\n\t\t\t\t\t<div class=\"e-con-inner\">\n\t\t\t\t<div class=\"elementor-element elementor-element-622b6b1 elementor-widget elementor-widget-text-editor\" data-id=\"622b6b1\" data-element_type=\"widget\" data-widget_type=\"text-editor.default\">\n\t\t\t\t<div class=\"elementor-widget-container\">\n\t\t\t\t\t\t\t<p><span style=\"color: #edf2f7;\"><span style=\"font-weight: 400;\">Keresel egy magas szint\u0171 Metin2 fi\u00f3kot egy er\u0151s karakterrel \u00e9s er\u0151s felszerel\u00e9ssel? Itt tal\u00e1lsz egy nagy v\u00e1laszt\u00e9kot a Metin2 fi\u00f3kok k\u00f6z\u00fcl a <\/span><b>N\u00e9met<\/b><span style=\"font-weight: 400;\">, <\/span><b>T\u00f6r\u00f6k<\/b><span style=\"font-weight: 400;\"> \u00e9s <\/span><b>Rom\u00e1n szerver<\/b><span style=\"font-weight: 400;\"> - minden tesztelt, biztons\u00e1gos \u00e9s olcs\u00f3! V\u00e1s\u00e1rolja meg \u00faj Metin2 fi\u00f3kj\u00e1t most, \u00e9s kezdje el azonnal, an\u00e9lk\u00fcl, hogy \u00f3r\u00e1kat kellene t\u00f6ltenie a szintl\u00e9p\u00e9ssel \u00e9s a csiszol\u00e1ssal.<\/span><\/span><\/p><h2><span style=\"color: #edf2f7;\"><b>Mi\u00e9rt \u00e9rdemes n\u00e1lunk Metin2 sz\u00e1ml\u00e1t v\u00e1s\u00e1rolni?<\/b><\/span><\/h2><p><span style=\"font-weight: 400; color: #edf2f7;\">A Metin2-Won.com-on Metin2-fi\u00f3kot v\u00e1s\u00e1rolni biztons\u00e1gos, \u00e1tl\u00e1that\u00f3 \u00e9s kock\u00e1zatmentes. A mag\u00e1nelad\u00f3t\u00f3l val\u00f3 v\u00e1s\u00e1rl\u00e1ssal ellent\u00e9tben, amely a visszaterhel\u00e9s kock\u00e1zat\u00e1t hordozza mag\u00e1ban, mi, mint j\u00f3 h\u00edr\u0171 szolg\u00e1ltat\u00f3, megb\u00edzhat\u00f3 feldolgoz\u00e1st \u00e9s \u00e1tfog\u00f3 biztons\u00e1gi int\u00e9zked\u00e9seket k\u00edn\u00e1lunk. Fi\u00f3kjaink kiz\u00e1r\u00f3lag els\u0151 tulajdonosokt\u00f3l sz\u00e1rmaznak, \u00e9s botok vagy csal\u00f3k n\u00e9lk\u00fcl lettek friss\u00edtve.<\/span><\/p><h2><span style=\"color: #edf2f7;\"><b>El\u0151ny\u00f6k a Metin2-Won.com oldalon:<\/b><\/span><\/h2><ul><li style=\"font-weight: 400;\" aria-level=\"1\"><span style=\"color: #edf2f7;\"><b>Ellen\u0151rz\u00f6tt sz\u00e1ml\u00e1k<\/b><span style=\"font-weight: 400;\"> K\u00f6zvetlen\u00fcl az els\u0151 tulajdonost\u00f3l<\/span><\/span><\/li><li style=\"font-weight: 400;\" aria-level=\"1\"><span style=\"color: #edf2f7;\"><b>Nincs visszaterhel\u00e9si kock\u00e1zat<\/b><span style=\"font-weight: 400;\"> vagy sz\u00e1mtalan kor\u00e1bbi tulajdonos<\/span><\/span><\/li><li style=\"font-weight: 400;\" aria-level=\"1\"><span style=\"color: #edf2f7;\"><b>\u00c1tl\u00e1that\u00f3 inform\u00e1ci\u00f3<\/b><span style=\"font-weight: 400;\"> szint, oszt\u00e1ly, statisztik\u00e1k \u00e9s felszerel\u00e9s<\/span><\/span><\/li><li style=\"font-weight: 400;\" aria-level=\"1\"><span style=\"color: #edf2f7;\"><b>Biztons\u00e1gos hozz\u00e1f\u00e9r\u00e9s<\/b><span style=\"font-weight: 400;\"> az aktu\u00e1lis e-mail c\u00edm \u00e1tvitel\u00e9vel<\/span><\/span><\/li><\/ul><h2><span style=\"color: #edf2f7;\"><b>Mit kap, ha Metin2 fi\u00f3kot v\u00e1s\u00e1rol?<\/b><\/span><\/h2><p><span style=\"font-weight: 400; color: #edf2f7;\">Ha \u00fagy d\u00f6ntesz, hogy fi\u00f3kot hozol l\u00e9tre n\u00e1lunk, nem csak egy teljes szinten l\u00e9v\u0151 karaktert kapsz, hanem egy r\u00e9szletes list\u00e1t is az \u00f6sszes tulajdons\u00e1gr\u00f3l \u00e9s felszerel\u00e9sr\u0151l. Minden n\u00e1lunk l\u00e9v\u0151 Metin2 fi\u00f3k a k\u00f6vetkez\u0151 tartalommal \u00e9rkezik:<\/span><\/p><ul><li style=\"font-weight: 400;\" aria-level=\"1\"><span style=\"color: #edf2f7;\"><b>Akt\u00edv Metin2 fi\u00f3k<\/b><span style=\"font-weight: 400;\"> a hivatalos Gameforge szerveren (n\u00e9met, t\u00f6r\u00f6k vagy rom\u00e1n szerver)<\/span><\/span><\/li><li style=\"font-weight: 400;\" aria-level=\"1\"><span style=\"color: #edf2f7;\"><b>Karakter oszt\u00e1ly \u00e9s szint<\/b><span style=\"font-weight: 400;\"> a cikk le\u00edr\u00e1sa szerint<\/span><\/span><\/li><li style=\"font-weight: 400;\" aria-level=\"1\"><span style=\"color: #edf2f7;\"><b>Teljes statisztik\u00e1k \u00e9s k\u00e9szs\u00e9gek<\/b><span style=\"font-weight: 400;\">a karakterrel megegyez\u0151<\/span><\/span><\/li><li style=\"font-weight: 400;\" aria-level=\"1\"><span style=\"color: #edf2f7;\"><b>Felszerel\u00e9si alkatr\u00e9szek<\/b><span style=\"font-weight: 400;\"> mint p\u00e9ld\u00e1ul fegyverek, p\u00e1nc\u00e9lok \u00e9s \u00e9kszerek a le\u00edrtak szerint<\/span><\/span><\/li><li style=\"font-weight: 400;\" aria-level=\"1\"><span style=\"color: #edf2f7;\"><b>Jelenlegi e-mail c\u00edm<\/b><span style=\"font-weight: 400;\">a teljes hozz\u00e1f\u00e9r\u00e9s \u00e9s biztons\u00e1g \u00e9rdek\u00e9ben<\/span><\/span><\/li><\/ul><h2><span style=\"color: #edf2f7;\"><b>Hogyan m\u0171k\u00f6dik a v\u00e1s\u00e1rl\u00e1s a Metin2-Won.com-on?<\/b><\/span><\/h2><ol><li style=\"font-weight: 400;\" aria-level=\"1\"><span style=\"color: #edf2f7;\"><b>V\u00e1lasszon sz\u00e1ml\u00e1t:<\/b><span style=\"font-weight: 400;\"> V\u00e1lassza ki a megfelel\u0151 fi\u00f3kot a szerver r\u00e9gi\u00f3ja (N\u00e9metorsz\u00e1g, T\u00f6r\u00f6korsz\u00e1g vagy Rom\u00e1nia) \u00e9s a karakter le\u00edr\u00e1sa szerint.<\/span><\/span><\/li><li style=\"font-weight: 400;\" aria-level=\"1\"><span style=\"color: #edf2f7;\"><b>Ellen\u0151rizze a r\u00e9szleteket:<\/b><span style=\"font-weight: 400;\"> Olvasd el az oszt\u00e1ly, a szint, a statisztik\u00e1k \u00e9s a felszerel\u00e9s r\u00e9szletes le\u00edr\u00e1s\u00e1t, hogy megbizonyosodj arr\u00f3l, hogy a fi\u00f3k megfelel az ig\u00e9nyeidnek.<\/span><\/span><\/li><\/ol><p><span style=\"color: #edf2f7;\"><b>Biztons\u00e1gos v\u00e1s\u00e1rl\u00e1s:<\/b><span style=\"font-weight: 400;\"> A v\u00e1s\u00e1rl\u00e1s befejez\u00e9se ut\u00e1n azonnali hozz\u00e1f\u00e9r\u00e9st \u00e9s az \u00faj fi\u00f3k haszn\u00e1lat\u00e1hoz sz\u00fcks\u00e9ges \u00f6sszes inform\u00e1ci\u00f3t megkapja.<\/span><\/span><\/p><h2><span style=\"color: #edf2f7;\"><b>Gyakran ism\u00e9telt k\u00e9rd\u00e9sek (GYIK)<\/b><\/span><\/h2>\t\t\t\t\t\t<\/div>\n\t\t\t\t<\/div>\n\t\t\t\t<div class=\"elementor-element elementor-element-c8ba48a elementor-widget elementor-widget-genix-faq\" data-id=\"c8ba48a\" data-element_type=\"widget\" data-widget_type=\"genix-faq.default\">\n\t\t\t\t<div class=\"elementor-widget-container\">\n\t\t\t\r\n        <div class=\"faq__wrapper\">\r\n            <div class=\"accordion\" id=\"accordionExample\">\r\n                                    <div class=\"accordion-item\">\r\n                        <h2 class=\"accordion-header\" id=\"headingOne-0\">\r\n                            <button class=\"accordion-button\" type=\"button\" data-bs-toggle=\"collapse\" data-bs-target=\"#collapseOne-0\" aria-expanded=\"true\" aria-controls=\"collapseOne-0\">\r\n                                <span class=\"count\">1<\/span> K\u00edn\u00e1lnak speci\u00e1lisan fejlesztett karakterekkel rendelkez\u0151 sz\u00e1ml\u00e1kat is?                            <\/button>\r\n                        <\/h2>\r\n                        <div id=\"collapseOne-0\" class=\"accordion-collapse collapse show\" aria-labelledby=\"headingOne-0\" data-bs-parent=\"#accordionExample\">\r\n                            <div class=\"accordion-body\">\r\n                                Jelenleg nem rendelkez\u00fcnk olyan szem\u00e9lyre szabott szolg\u00e1ltat\u00e1ssal, ahol k\u00e9r\u00e9sre kiegyenl\u00edtj\u00fck a szintet. Azonban sz\u00edvesen l\u00e1tjuk, ha LiveChat\u00fcnk\u00f6n kereszt\u00fcl \u00e9rdekl\u0151dik k\u00fcl\u00f6nleges sz\u00e1ml\u00e1kr\u00f3l - rendszeresen friss\u00edtj\u00fck k\u00edn\u00e1latunkat, \u00e9s sz\u00edvesen seg\u00edt\u00fcnk.\n                            <\/div>\r\n                        <\/div>\r\n                    <\/div>\r\n                                    <div class=\"accordion-item\">\r\n                        <h2 class=\"accordion-header\" id=\"headingOne-1\">\r\n                            <button class=\"accordion-button collapsed\" type=\"button\" data-bs-toggle=\"collapse\" data-bs-target=\"#collapseOne-1\" aria-expanded=\"false\" aria-controls=\"collapseOne-1\">\r\n                                <span class=\"count\">2<\/span> Val\u00f3ban biztons\u00e1gosak a sz\u00e1ml\u00e1k?                            <\/button>\r\n                        <\/h2>\r\n                        <div id=\"collapseOne-1\" class=\"accordion-collapse collapse\" aria-labelledby=\"headingOne-1\" data-bs-parent=\"#accordionExample\">\r\n                            <div class=\"accordion-body\">\r\n                                Igen, minden besz\u00e1mol\u00f3 els\u0151 k\u00e9zb\u0151l sz\u00e1rmazik, \u00e9s jogosulatlan eszk\u00f6z\u00f6k, p\u00e9ld\u00e1ul botok n\u00e9lk\u00fcl ker\u00fclt felt\u00f6lt\u00e9sre. Garant\u00e1ljuk a teljes, exkluz\u00edv hozz\u00e1f\u00e9r\u00e9st minden fi\u00f3khoz.\n                            <\/div>\r\n                        <\/div>\r\n                    <\/div>\r\n                                    <div class=\"accordion-item\">\r\n                        <h2 class=\"accordion-header\" id=\"headingOne-2\">\r\n                            <button class=\"accordion-button collapsed\" type=\"button\" data-bs-toggle=\"collapse\" data-bs-target=\"#collapseOne-2\" aria-expanded=\"false\" aria-controls=\"collapseOne-2\">\r\n                                <span class=\"count\">3<\/span> Mely szerverr\u00e9gi\u00f3khoz \u00e1llnak rendelkez\u00e9sre fi\u00f3kok?                            <\/button>\r\n                        <\/h2>\r\n                        <div id=\"collapseOne-2\" class=\"accordion-collapse collapse\" aria-labelledby=\"headingOne-2\" data-bs-parent=\"#accordionExample\">\r\n                            <div class=\"accordion-body\">\r\n                                Jelenleg a n\u00e9met, t\u00f6r\u00f6k \u00e9s rom\u00e1n Metin2 szerverekhez k\u00edn\u00e1lunk fi\u00f3kokat. Egyszer\u0171en csak v\u00e1lassza ki a r\u00e9gi\u00f3t a fi\u00f3k kiv\u00e1laszt\u00e1sakor.                            <\/div>\r\n                        <\/div>\r\n                    <\/div>\r\n                            <\/div>\r\n        <\/div>\r\n\t\t<\/div>\n\t\t\t\t<\/div>\n\t\t\t\t<div class=\"elementor-element elementor-element-aca15d4 elementor-widget elementor-widget-text-editor\" data-id=\"aca15d4\" data-element_type=\"widget\" data-widget_type=\"text-editor.default\">\n\t\t\t\t<div class=\"elementor-widget-container\">\n\t\t\t\t\t\t\t<h3><span style=\"color: #edf2f7;\"><b>Kapcsolatfelv\u00e9tel<\/b><\/span><\/h3><p><span style=\"font-weight: 400; color: #edf2f7;\">LiveChat szolg\u00e1ltat\u00e1sunk naponta el\u00e9rhet\u0151, hogy megv\u00e1laszolja a v\u00e1s\u00e1rl\u00e1ssal \u00e9s a szolg\u00e1ltat\u00e1ssal kapcsolatos k\u00e9rd\u00e9seit. Az \u00e9rdekl\u0151d\u0151k list\u00e1j\u00e1ra is feliratkozhat, hogy \u00e9rtes\u00fclj\u00f6n az \u00faj sz\u00e1ml\u00e1kr\u00f3l. Az \u00d6n biztons\u00e1gos \u00e9s egyszer\u0171 \u00fatja egy kiv\u00e1l\u00f3 min\u0151s\u00e9g\u0171 Metin2 sz\u00e1ml\u00e1hoz itt kezd\u0151dik a Metin2-Won.com-on!<\/span><\/p>\t\t\t\t\t\t<\/div>\n\t\t\t\t<\/div>\n\t\t\t\t\t<\/div>\n\t\t\t\t<\/div>\n\t\t\t\t<\/div>","protected":false},"excerpt":{"rendered":"<p>ROMANIAN SERVER 5 MINUTEN LIEFERZEIT PREIS PRO ID ASK KAUFEN TURKISH SERVER 5 MINUTEN LIEFERZEIT PREIS PRO ID ASK KAUFEN GERMAN SERVER 5 MINUTEN LIEFERZEIT PREIS PRO ID ASK KAUFEN Du suchst nach einem hochgelevelten Metin2 Account mit m\u00e4chtigem Charakter und starkem Equipment? Bei uns findest du eine gro\u00dfe Auswahl an Metin2 Accounts f\u00fcr die [&hellip;]<\/p>","protected":false},"author":1,"featured_media":0,"parent":0,"menu_order":0,"comment_status":"closed","ping_status":"closed","template":"","meta":{"_acf_changed":false,"footnotes":""},"class_list":["post-3508","page","type-page","status-publish","hentry"],"acf":[],"_links":{"self":[{"href":"https:\/\/metin2-won.com\/hu\/wp-json\/wp\/v2\/pages\/3508","targetHints":{"allow":["GET"]}}],"collection":[{"href":"https:\/\/metin2-won.com\/hu\/wp-json\/wp\/v2\/pages"}],"about":[{"href":"https:\/\/metin2-won.com\/hu\/wp-json\/wp\/v2\/types\/page"}],"author":[{"embeddable":true,"href":"https:\/\/metin2-won.com\/hu\/wp-json\/wp\/v2\/users\/1"}],"replies":[{"embeddable":true,"href":"https:\/\/metin2-won.com\/hu\/wp-json\/wp\/v2\/comments?post=3508"}],"version-history":[{"count":11,"href":"https:\/\/metin2-won.com\/hu\/wp-json\/wp\/v2\/pages\/3508\/revisions"}],"predecessor-version":[{"id":3581,"href":"https:\/\/metin2-won.com\/hu\/wp-json\/wp\/v2\/pages\/3508\/revisions\/3581"}],"wp:attachment":[{"href":"https:\/\/metin2-won.com\/hu\/wp-json\/wp\/v2\/media?parent=3508"}],"curies":[{"name":"wp","href":"https:\/\/api.w.org\/{rel}","templated":true}]}}