{"id":3144,"date":"2024-10-10T14:50:58","date_gmt":"2024-10-10T14:50:58","guid":{"rendered":"https:\/\/metin2-won.com\/?page_id=3144"},"modified":"2024-12-17T10:39:52","modified_gmt":"2024-12-17T10:39:52","slug":"ruckerstattungsrichtlinien","status":"publish","type":"page","link":"https:\/\/metin2-won.com\/hu\/ruckerstattungsrichtlinien\/","title":{"rendered":"R\u00fcckerstattungsrichtlinien"},"content":{"rendered":"<p dir=\"ltr\" style=\"line-height: 1.38; margin-top: 12pt; margin-bottom: 12pt;\"><span style=\"color: #ffffff;\"><span style=\"font-size: 11pt; font-family: Arial, sans-serif; background-color: transparent; font-weight: 400; font-style: normal; font-variant: normal; text-decoration: none; vertical-align: baseline; white-space: pre-wrap;\">f\u00fcr <\/span><span style=\"font-size: 11pt; font-family: Arial, sans-serif; background-color: transparent; font-weight: bold; font-style: normal; font-variant: normal; text-decoration: none; vertical-align: baseline; white-space: pre-wrap;\">Metin2-Won<\/span><span style=\"font-size: 11pt; font-family: Arial, sans-serif; background-color: transparent; font-weight: bold; font-style: normal; font-variant: normal; text-decoration: none; vertical-align: baseline; white-space: pre-wrap;\"><br \/>\n<\/span><span style=\"font-size: 11pt; font-family: Arial, sans-serif; background-color: transparent; font-weight: 400; font-style: normal; font-variant: normal; text-decoration: none; vertical-align: baseline; white-space: pre-wrap;\">Website:<\/span><a style=\"text-decoration: none; color: #ffffff;\" href=\"https:\/\/metin2-won.com\/hu\/\"> <span style=\"font-size: 11pt; font-family: Arial, sans-serif; background-color: transparent; font-weight: bold; font-style: normal; font-variant: normal; text-decoration: underline; text-decoration-skip-ink: none; vertical-align: baseline; white-space: pre-wrap;\">www.metin2-won.com<\/span><span style=\"font-size: 11pt; font-family: Arial, sans-serif; background-color: transparent; font-weight: bold; font-style: normal; font-variant: normal; text-decoration: underline; text-decoration-skip-ink: none; vertical-align: baseline; white-space: pre-wrap;\"><br \/>\n<\/span><\/a><span style=\"font-size: 11pt; font-family: Arial, sans-serif; background-color: transparent; font-weight: 400; font-style: normal; font-variant: normal; text-decoration: none; vertical-align: baseline; white-space: pre-wrap;\">E-Mail: <\/span><span style=\"font-size: 11pt; font-family: Arial, sans-serif; background-color: transparent; font-weight: bold; font-style: normal; font-variant: normal; text-decoration: none; vertical-align: baseline; white-space: pre-wrap;\">contact@metin2-won.com<\/span><span style=\"font-size: 11pt; font-family: Arial, sans-serif; background-color: transparent; font-weight: bold; font-style: normal; font-variant: normal; text-decoration: none; vertical-align: baseline; white-space: pre-wrap;\"><br \/>\n<\/span><span style=\"font-size: 11pt; font-family: Arial, sans-serif; background-color: transparent; font-weight: 400; font-style: normal; font-variant: normal; text-decoration: none; vertical-align: baseline; white-space: pre-wrap;\">Telefon: <\/span><span style=\"font-size: 11pt; font-family: Arial, sans-serif; background-color: transparent; font-weight: bold; font-style: normal; font-variant: normal; text-decoration: none; vertical-align: baseline; white-space: pre-wrap;\">+971 564549152<\/span><\/span><\/p>\n<h2 dir=\"ltr\" style=\"line-height: 1.38; margin-top: 14pt; margin-bottom: 6pt;\"><span style=\"font-size: 16pt; font-family: Arial, sans-serif; color: #ffffff; background-color: transparent; font-weight: 400; font-style: normal; font-variant: normal; text-decoration: none; vertical-align: baseline; white-space: pre-wrap;\">1. Widerrufsrecht und R\u00fcckerstattungen<\/span><\/h2>\n<p dir=\"ltr\" style=\"line-height: 1.38; margin-top: 12pt; margin-bottom: 12pt;\"><span style=\"color: #ffffff;\"><span style=\"font-size: 11pt; font-family: Arial, sans-serif; background-color: transparent; font-weight: 400; font-style: normal; font-variant: normal; text-decoration: none; vertical-align: baseline; white-space: pre-wrap;\">Unser Ziel bei <\/span><span style=\"font-size: 11pt; font-family: Arial, sans-serif; background-color: transparent; font-weight: bold; font-style: normal; font-variant: normal; text-decoration: none; vertical-align: baseline; white-space: pre-wrap;\">Metin2-Won<\/span><span style=\"font-size: 11pt; font-family: Arial, sans-serif; background-color: transparent; font-weight: 400; font-style: normal; font-variant: normal; text-decoration: none; vertical-align: baseline; white-space: pre-wrap;\"> ist es, dass Sie mit Ihrem Kauf vollkommen zufrieden sind. Falls Sie jedoch nicht zufrieden sein sollten, haben Sie das Recht, Ihre Bestellung innerhalb von 14 Tagen nach Erhalt der Ware ohne Angabe von Gr\u00fcnden zu widerrufen und eine R\u00fcckerstattung zu verlangen.<\/span><\/span><\/p>\n<p dir=\"ltr\" style=\"line-height: 1.38; margin-top: 12pt; margin-bottom: 12pt;\"><span style=\"font-size: 11pt; font-family: Arial, sans-serif; color: #ffffff; background-color: transparent; font-weight: 400; font-style: normal; font-variant: normal; text-decoration: none; vertical-align: baseline; white-space: pre-wrap;\">Die Widerrufsfrist betr\u00e4gt 14 Tage ab dem Tag, an dem Sie oder ein von Ihnen benannter Dritter die Ware in Besitz genommen haben.<\/span><\/p>\n<h2 dir=\"ltr\" style=\"line-height: 1.38; margin-top: 14pt; margin-bottom: 6pt;\"><span style=\"font-size: 16pt; font-family: Arial, sans-serif; color: #ffffff; background-color: transparent; font-weight: 400; font-style: normal; font-variant: normal; text-decoration: none; vertical-align: baseline; white-space: pre-wrap;\">2. Aus\u00fcbung des Widerrufsrechts<\/span><\/h2>\n<p dir=\"ltr\" style=\"line-height: 1.38; margin-top: 12pt; margin-bottom: 12pt;\"><span style=\"color: #ffffff;\"><span style=\"font-size: 11pt; font-family: Arial, sans-serif; background-color: transparent; font-weight: 400; font-style: normal; font-variant: normal; text-decoration: none; vertical-align: baseline; white-space: pre-wrap;\">Um Ihr Widerrufsrecht auszu\u00fcben, m\u00fcssen Sie uns mittels einer eindeutigen Erkl\u00e4rung (z. B. per E-Mail an <\/span><span style=\"font-size: 11pt; font-family: Arial, sans-serif; background-color: transparent; font-weight: bold; font-style: normal; font-variant: normal; text-decoration: none; vertical-align: baseline; white-space: pre-wrap;\">contact@metin2-won.com<\/span><span style=\"font-size: 11pt; font-family: Arial, sans-serif; background-color: transparent; font-weight: 400; font-style: normal; font-variant: normal; text-decoration: none; vertical-align: baseline; white-space: pre-wrap;\"> oder per Post) \u00fcber Ihren Entschluss informieren, den Vertrag zu widerrufen. Sie k\u00f6nnen daf\u00fcr das folgende Muster-Widerrufsformular verwenden, das jedoch nicht vorgeschrieben ist:<\/span><\/span><\/p>\n<h2 dir=\"ltr\" style=\"line-height: 1.38; margin-top: 14pt; margin-bottom: 6pt;\"><span style=\"font-size: 16pt; font-family: Arial, sans-serif; color: #ffffff; background-color: transparent; font-weight: 400; font-style: normal; font-variant: normal; text-decoration: none; vertical-align: baseline; white-space: pre-wrap;\">3. R\u00fccksendung der Ware<\/span><\/h2>\n<p dir=\"ltr\" style=\"line-height: 1.38; margin-top: 12pt; margin-bottom: 12pt;\"><span style=\"font-size: 11pt; font-family: Arial, sans-serif; color: #ffffff; background-color: transparent; font-weight: 400; font-style: normal; font-variant: normal; text-decoration: none; vertical-align: baseline; white-space: pre-wrap;\">Im Falle eines Widerrufs sind Sie verpflichtet, die Ware unverz\u00fcglich und in jedem Fall sp\u00e4testens binnen 14 Tagen ab dem Tag, an dem Sie uns \u00fcber den Widerruf dieses Vertrags unterrichten, an uns zur\u00fcckzusenden. Die R\u00fccksendekosten sind vom K\u00e4ufer zu tragen.<\/span><\/p>\n<p dir=\"ltr\" style=\"line-height: 1.38; margin-top: 12pt; margin-bottom: 12pt;\"><span style=\"font-size: 11pt; font-family: Arial, sans-serif; color: #ffffff; background-color: transparent; font-weight: 400; font-style: normal; font-variant: normal; text-decoration: none; vertical-align: baseline; white-space: pre-wrap;\">Die Ware muss sich in einem unbenutzten und im selben Zustand befinden, wie Sie sie erhalten haben, einschlie\u00dflich der Originalverpackung, falls zutreffend.<\/span><\/p>\n<h2 dir=\"ltr\" style=\"line-height: 1.38; margin-top: 14pt; margin-bottom: 6pt;\"><span style=\"font-size: 16pt; font-family: Arial, sans-serif; color: #ffffff; background-color: transparent; font-weight: 400; font-style: normal; font-variant: normal; text-decoration: none; vertical-align: baseline; white-space: pre-wrap;\">4. R\u00fcckerstattung<\/span><\/h2>\n<p dir=\"ltr\" style=\"line-height: 1.38; margin-top: 12pt; margin-bottom: 12pt;\"><span style=\"font-size: 11pt; font-family: Arial, sans-serif; color: #ffffff; background-color: transparent; font-weight: 400; font-style: normal; font-variant: normal; text-decoration: none; vertical-align: baseline; white-space: pre-wrap;\">Sobald wir Ihre R\u00fccksendung erhalten und gepr\u00fcft haben, informieren wir Sie per E-Mail \u00fcber den Erhalt der zur\u00fcckgesandten Ware. Nach erfolgreicher Pr\u00fcfung wird Ihre R\u00fcckerstattung innerhalb von 14 Tagen bearbeitet.<\/span><\/p>\n<p dir=\"ltr\" style=\"line-height: 1.38; margin-top: 12pt; margin-bottom: 12pt;\"><span style=\"font-size: 11pt; font-family: Arial, sans-serif; color: #ffffff; background-color: transparent; font-weight: 400; font-style: normal; font-variant: normal; text-decoration: none; vertical-align: baseline; white-space: pre-wrap;\">Die R\u00fcckerstattung erfolgt \u00fcber die gleiche Zahlungsmethode, die Sie bei der urspr\u00fcnglichen Transaktion verwendet haben, es sei denn, es wurde ausdr\u00fccklich etwas anderes vereinbart. Es entstehen Ihnen durch die R\u00fcckerstattung keine zus\u00e4tzlichen Kosten.<\/span><\/p>\n<h2 dir=\"ltr\" style=\"line-height: 1.38; margin-top: 14pt; margin-bottom: 6pt;\"><span style=\"font-size: 16pt; font-family: Arial, sans-serif; color: #ffffff; background-color: transparent; font-weight: 400; font-style: normal; font-variant: normal; text-decoration: none; vertical-align: baseline; white-space: pre-wrap;\">5. Ausschluss des Widerrufsrechts<\/span><\/h2>\n<p dir=\"ltr\" style=\"line-height: 1.38; margin-top: 12pt; margin-bottom: 12pt;\"><span style=\"font-size: 11pt; font-family: Arial, sans-serif; color: #ffffff; background-color: transparent; font-weight: 400; font-style: normal; font-variant: normal; text-decoration: none; vertical-align: baseline; white-space: pre-wrap;\">Das Widerrufsrecht besteht nicht bei:<\/span><\/p>\n<ul style=\"margin-top: 0; margin-bottom: 0; padding-inline-start: 48px;\">\n<li dir=\"ltr\" style=\"list-style-type: disc; font-size: 11pt; font-family: Arial,sans-serif; color: #000000; background-color: transparent; font-weight: 400; font-style: normal; font-variant: normal; text-decoration: none; vertical-align: baseline; white-space: pre;\" aria-level=\"1\">\n<p dir=\"ltr\" style=\"line-height: 1.38; margin-top: 12pt; margin-bottom: 0pt;\" role=\"presentation\"><span style=\"font-size: 11pt; font-family: Arial, sans-serif; color: #ffffff; background-color: transparent; font-weight: 400; font-style: normal; font-variant: normal; text-decoration: none; vertical-align: baseline; white-space: pre-wrap;\">Waren, die nach Kundenspezifikation angefertigt wurden oder eindeutig auf die pers\u00f6nlichen Bed\u00fcrfnisse des Kunden zugeschnitten sind,<\/span><\/p>\n<\/li>\n<li dir=\"ltr\" style=\"list-style-type: disc; font-size: 11pt; font-family: Arial,sans-serif; color: #000000; background-color: transparent; font-weight: 400; font-style: normal; font-variant: normal; text-decoration: none; vertical-align: baseline; white-space: pre;\" aria-level=\"1\">\n<p dir=\"ltr\" style=\"line-height: 1.38; margin-top: 0pt; margin-bottom: 0pt;\" role=\"presentation\"><span style=\"font-size: 11pt; font-family: Arial, sans-serif; color: #ffffff; background-color: transparent; font-weight: 400; font-style: normal; font-variant: normal; text-decoration: none; vertical-align: baseline; white-space: pre-wrap;\">versiegelten Waren, die aus Gr\u00fcnden des Gesundheitsschutzes oder der Hygiene nicht zur R\u00fcckgabe geeignet sind, wenn ihre Versiegelung nach der Lieferung entfernt wurde,<\/span><\/p>\n<\/li>\n<li dir=\"ltr\" style=\"list-style-type: disc; font-size: 11pt; font-family: Arial,sans-serif; color: #000000; background-color: transparent; font-weight: 400; font-style: normal; font-variant: normal; text-decoration: none; vertical-align: baseline; white-space: pre;\" aria-level=\"1\">\n<p dir=\"ltr\" style=\"line-height: 1.38; margin-top: 0pt; margin-bottom: 12pt;\" role=\"presentation\"><span style=\"font-size: 11pt; font-family: Arial, sans-serif; color: #ffffff; background-color: transparent; font-weight: 400; font-style: normal; font-variant: normal; text-decoration: none; vertical-align: baseline; white-space: pre-wrap;\">digitalen Inhalten, die nicht auf einem k\u00f6rperlichen Datentr\u00e4ger geliefert werden, wenn Sie dem Beginn der Ausf\u00fchrung des Vertrags vor Ablauf der Widerrufsfrist zugestimmt haben und Ihnen bekannt ist, dass Sie dadurch Ihr Widerrufsrecht verlieren.<\/span><\/p>\n<\/li>\n<\/ul>\n<h2 dir=\"ltr\" style=\"line-height: 1.38; margin-top: 14pt; margin-bottom: 6pt;\"><span style=\"font-size: 16pt; font-family: Arial, sans-serif; color: #ffffff; background-color: transparent; font-weight: 400; font-style: normal; font-variant: normal; text-decoration: none; vertical-align: baseline; white-space: pre-wrap;\">6. Kontakt<\/span><\/h2>\n<p dir=\"ltr\" style=\"line-height: 1.38; margin-top: 12pt; margin-bottom: 12pt;\"><span style=\"font-size: 11pt; font-family: Arial, sans-serif; color: #ffffff; background-color: transparent; font-weight: 400; font-style: normal; font-variant: normal; text-decoration: none; vertical-align: baseline; white-space: pre-wrap;\">Bei Fragen zu R\u00fccksendungen oder R\u00fcckerstattungen kontaktieren Sie uns bitte unter:<\/span><\/p>\n<p><span id=\"docs-internal-guid-30207086-7fff-50f4-7d3d-b8165ac4ff2c\" style=\"color: #ffffff;\"><span style=\"font-size: 11pt; font-family: Arial, sans-serif; background-color: transparent; font-weight: bold; font-variant-numeric: normal; font-variant-east-asian: normal; font-variant-alternates: normal; font-variant-position: normal; vertical-align: baseline; white-space-collapse: preserve;\">Metin2-Won<\/span><span style=\"font-size: 11pt; font-family: Arial, sans-serif; background-color: transparent; font-weight: bold; font-variant-numeric: normal; font-variant-east-asian: normal; font-variant-alternates: normal; font-variant-position: normal; vertical-align: baseline; white-space-collapse: preserve;\"><br \/>\n<\/span><span style=\"font-size: 11pt; font-family: Arial, sans-serif; background-color: transparent; font-variant-numeric: normal; font-variant-east-asian: normal; font-variant-alternates: normal; font-variant-position: normal; vertical-align: baseline; white-space-collapse: preserve;\">E-Mail: <\/span><span style=\"font-size: 11pt; font-family: Arial, sans-serif; background-color: transparent; font-weight: bold; font-variant-numeric: normal; font-variant-east-asian: normal; font-variant-alternates: normal; font-variant-position: normal; vertical-align: baseline; white-space-collapse: preserve;\">contact@metin2-won.com<\/span><span style=\"font-size: 11pt; font-family: Arial, sans-serif; background-color: transparent; font-weight: bold; font-variant-numeric: normal; font-variant-east-asian: normal; font-variant-alternates: normal; font-variant-position: normal; vertical-align: baseline; white-space-collapse: preserve;\"><br \/>\n<\/span><span style=\"font-size: 11pt; font-family: Arial, sans-serif; background-color: transparent; font-variant-numeric: normal; font-variant-east-asian: normal; font-variant-alternates: normal; font-variant-position: normal; vertical-align: baseline; white-space-collapse: preserve;\">Telefon: <\/span><span style=\"font-size: 11pt; font-family: Arial, sans-serif; background-color: transparent; font-weight: bold; font-variant-numeric: normal; font-variant-east-asian: normal; font-variant-alternates: normal; font-variant-position: normal; vertical-align: baseline; white-space-collapse: preserve;\">+971 564549152<\/span><\/span><\/p>","protected":false},"excerpt":{"rendered":"<p>f\u00fcr Metin2-Won Website: www.metin2-won.com E-Mail: contact@metin2-won.com Telefon: +971 564549152 1. Widerrufsrecht und R\u00fcckerstattungen Unser Ziel bei Metin2-Won ist es, dass Sie mit Ihrem Kauf vollkommen zufrieden sind. Falls Sie jedoch nicht zufrieden sein sollten, haben Sie das Recht, Ihre Bestellung innerhalb von 14 Tagen nach Erhalt der Ware ohne Angabe von Gr\u00fcnden zu widerrufen und [&hellip;]<\/p>","protected":false},"author":1,"featured_media":0,"parent":0,"menu_order":0,"comment_status":"closed","ping_status":"closed","template":"","meta":{"_acf_changed":false,"footnotes":""},"class_list":["post-3144","page","type-page","status-publish","hentry"],"acf":[],"_links":{"self":[{"href":"https:\/\/metin2-won.com\/hu\/wp-json\/wp\/v2\/pages\/3144","targetHints":{"allow":["GET"]}}],"collection":[{"href":"https:\/\/metin2-won.com\/hu\/wp-json\/wp\/v2\/pages"}],"about":[{"href":"https:\/\/metin2-won.com\/hu\/wp-json\/wp\/v2\/types\/page"}],"author":[{"embeddable":true,"href":"https:\/\/metin2-won.com\/hu\/wp-json\/wp\/v2\/users\/1"}],"replies":[{"embeddable":true,"href":"https:\/\/metin2-won.com\/hu\/wp-json\/wp\/v2\/comments?post=3144"}],"version-history":[{"count":3,"href":"https:\/\/metin2-won.com\/hu\/wp-json\/wp\/v2\/pages\/3144\/revisions"}],"predecessor-version":[{"id":4028,"href":"https:\/\/metin2-won.com\/hu\/wp-json\/wp\/v2\/pages\/3144\/revisions\/4028"}],"wp:attachment":[{"href":"https:\/\/metin2-won.com\/hu\/wp-json\/wp\/v2\/media?parent=3144"}],"curies":[{"name":"wp","href":"https:\/\/api.w.org\/{rel}","templated":true}]}}